{"id":12,"date":"2021-10-12T16:44:08","date_gmt":"2021-10-12T16:44:08","guid":{"rendered":"https:\/\/www.hidro.com.tr\/?page_id=12"},"modified":"2025-10-12T17:40:34","modified_gmt":"2025-10-12T17:40:34","slug":"iletisim","status":"publish","type":"page","link":"https:\/\/www.hidro.com.tr\/?page_id=12","title":{"rendered":"\u0130leti\u015fim"},"content":{"rendered":"\t\t<div data-elementor-type=\"wp-page\" data-elementor-id=\"12\" class=\"elementor elementor-12\">\n\t\t\t\t\t\t<section class=\"elementor-section elementor-top-section elementor-element elementor-element-05f4465 elementor-section-boxed elementor-section-height-default elementor-section-height-default\" data-id=\"05f4465\" data-element_type=\"section\" data-e-type=\"section\">\n\t\t\t\t\t\t<div class=\"elementor-container elementor-column-gap-default\">\n\t\t\t\t\t<div class=\"elementor-column elementor-col-50 elementor-top-column elementor-element elementor-element-dad6c60\" data-id=\"dad6c60\" data-element_type=\"column\" data-e-type=\"column\">\n\t\t\t<div class=\"elementor-widget-wrap elementor-element-populated\">\n\t\t\t\t\t\t<div class=\"elementor-element elementor-element-a09e849 elementor-widget elementor-widget-image\" data-id=\"a09e849\" data-element_type=\"widget\" data-e-type=\"widget\" data-widget_type=\"image.default\">\n\t\t\t\t<div class=\"elementor-widget-container\">\n\t\t\t\t\t\t\t\t\t\t\t\t\t\t\t<img fetchpriority=\"high\" decoding=\"async\" width=\"800\" height=\"400\" src=\"https:\/\/www.hidro.com.tr\/wp-content\/uploads\/2021\/10\/contact-1024x512.png\" class=\"attachment-large size-large wp-image-1987\" alt=\"\" srcset=\"https:\/\/www.hidro.com.tr\/wp-content\/uploads\/2021\/10\/contact-1024x512.png 1024w, https:\/\/www.hidro.com.tr\/wp-content\/uploads\/2021\/10\/contact-300x150.png 300w, https:\/\/www.hidro.com.tr\/wp-content\/uploads\/2021\/10\/contact-768x384.png 768w, https:\/\/www.hidro.com.tr\/wp-content\/uploads\/2021\/10\/contact-1536x768.png 1536w, https:\/\/www.hidro.com.tr\/wp-content\/uploads\/2021\/10\/contact.png 2000w\" sizes=\"(max-width: 800px) 100vw, 800px\" \/>\t\t\t\t\t\t\t\t\t\t\t\t\t\t\t<\/div>\n\t\t\t\t<\/div>\n\t\t\t\t\t<\/div>\n\t\t<\/div>\n\t\t\t\t<div class=\"elementor-column elementor-col-50 elementor-top-column elementor-element elementor-element-355207d\" data-id=\"355207d\" data-element_type=\"column\" data-e-type=\"column\">\n\t\t\t<div class=\"elementor-widget-wrap elementor-element-populated\">\n\t\t\t\t\t\t<div class=\"elementor-element elementor-element-509c8ed elementor-widget elementor-widget-text-editor\" data-id=\"509c8ed\" data-element_type=\"widget\" data-e-type=\"widget\" data-widget_type=\"text-editor.default\">\n\t\t\t\t<div class=\"elementor-widget-container\">\n\t\t\t\t\t\t\t\t\t<p><strong>H\u0130DRO YAPI YALITIM DO\u011eALGAZ M\u00dcHEND\u0130SL\u0130K M\u00dc\u015eAV\u0130RL\u0130K SANAY\u0130 VE T\u0130CARET L\u0130M\u0130TED \u015e\u0130RKET\u0130<\/strong><\/p><p>Kavakl\u0131 Mah. Havadar sok. No 40\/3 Beylikd\u00fcz\u00fc 34520 \/ \u0130STANBUL<\/p><p><strong>Telefon:<\/strong>\u00a0+90 (212) 571 10 80 (pbx)<\/p><p><strong>Faks:<\/strong>\u00a0+90 (212) 571 66 38<\/p><p><strong>GSM:<\/strong>\u00a0+90 532 517 07 24<\/p><p><strong>e-posta:<\/strong>\u00a0<a href=\"mailto:hidro@hidro.com.tr\">hidro@hidro.com.tr<\/a><\/p><p><a href=\"mailto:hboyali@gmail.com\">hboyali@gmail.com<\/a><\/p>\t\t\t\t\t\t\t\t<\/div>\n\t\t\t\t<\/div>\n\t\t\t\t\t<\/div>\n\t\t<\/div>\n\t\t\t\t\t<\/div>\n\t\t<\/section>\n\t\t\t\t<section class=\"elementor-section elementor-top-section elementor-element elementor-element-316be7a elementor-section-boxed elementor-section-height-default elementor-section-height-default\" data-id=\"316be7a\" data-element_type=\"section\" data-e-type=\"section\">\n\t\t\t\t\t\t<div class=\"elementor-container elementor-column-gap-default\">\n\t\t\t\t\t<div class=\"elementor-column elementor-col-100 elementor-top-column elementor-element elementor-element-fcf9f91\" data-id=\"fcf9f91\" data-element_type=\"column\" data-e-type=\"column\">\n\t\t\t<div class=\"elementor-widget-wrap elementor-element-populated\">\n\t\t\t\t\t\t<div class=\"elementor-element elementor-element-774c736 elementor-widget elementor-widget-heading\" data-id=\"774c736\" data-element_type=\"widget\" data-e-type=\"widget\" data-widget_type=\"heading.default\">\n\t\t\t\t<div class=\"elementor-widget-container\">\n\t\t\t\t\t<h2 class=\"elementor-heading-title elementor-size-default\">.: \u015eUBELER :.<\/h2>\t\t\t\t<\/div>\n\t\t\t\t<\/div>\n\t\t\t\t\t<\/div>\n\t\t<\/div>\n\t\t\t\t\t<\/div>\n\t\t<\/section>\n\t\t\t\t<section class=\"elementor-section elementor-top-section elementor-element elementor-element-72e81df elementor-section-boxed elementor-section-height-default elementor-section-height-default\" data-id=\"72e81df\" data-element_type=\"section\" data-e-type=\"section\">\n\t\t\t\t\t\t<div class=\"elementor-container elementor-column-gap-default\">\n\t\t\t\t\t<div class=\"elementor-column elementor-col-50 elementor-top-column elementor-element elementor-element-10f94b9\" data-id=\"10f94b9\" data-element_type=\"column\" data-e-type=\"column\">\n\t\t\t<div class=\"elementor-widget-wrap elementor-element-populated\">\n\t\t\t\t\t\t<div class=\"elementor-element elementor-element-e0b78e0 elementor-widget elementor-widget-image\" data-id=\"e0b78e0\" data-element_type=\"widget\" data-e-type=\"widget\" data-widget_type=\"image.default\">\n\t\t\t\t<div class=\"elementor-widget-container\">\n\t\t\t\t\t\t\t\t\t\t\t\t\t\t\t<img decoding=\"async\" width=\"300\" height=\"255\" src=\"https:\/\/www.hidro.com.tr\/wp-content\/uploads\/2025\/10\/hidro-edirne-300x255.jpeg\" class=\"attachment-medium size-medium wp-image-2288\" alt=\"\" srcset=\"https:\/\/www.hidro.com.tr\/wp-content\/uploads\/2025\/10\/hidro-edirne-300x255.jpeg 300w, https:\/\/www.hidro.com.tr\/wp-content\/uploads\/2025\/10\/hidro-edirne-1024x870.jpeg 1024w, https:\/\/www.hidro.com.tr\/wp-content\/uploads\/2025\/10\/hidro-edirne-768x652.jpeg 768w, https:\/\/www.hidro.com.tr\/wp-content\/uploads\/2025\/10\/hidro-edirne.jpeg 1495w\" sizes=\"(max-width: 300px) 100vw, 300px\" \/>\t\t\t\t\t\t\t\t\t\t\t\t\t\t\t<\/div>\n\t\t\t\t<\/div>\n\t\t\t\t\t<\/div>\n\t\t<\/div>\n\t\t\t\t<div class=\"elementor-column elementor-col-50 elementor-top-column elementor-element elementor-element-8569690\" data-id=\"8569690\" data-element_type=\"column\" data-e-type=\"column\">\n\t\t\t<div class=\"elementor-widget-wrap elementor-element-populated\">\n\t\t\t\t\t\t<div class=\"elementor-element elementor-element-f6996c0 elementor-widget elementor-widget-text-editor\" data-id=\"f6996c0\" data-element_type=\"widget\" data-e-type=\"widget\" data-widget_type=\"text-editor.default\">\n\t\t\t\t<div class=\"elementor-widget-container\">\n\t\t\t\t\t\t\t\t\t<p><strong>Adres: <\/strong>Halise Hatun Mah. Bademlik Sok. No:28\/A Uzunk\u00f6pr\u00fc &#8211; ED\u0130RNE<\/p><p><strong>Yetkili M\u00fchendis: <\/strong>Cem DEM\u0130R<\/p><p><strong>GSM:<\/strong> +90 555 857 25 66<\/p><p><strong>e-posta:<\/strong>\u00a0<a href=\"mailto:cem.demir@hidro.com.tr\">cem.demir@hidro.com.tr<\/a><\/p>\t\t\t\t\t\t\t\t<\/div>\n\t\t\t\t<\/div>\n\t\t\t\t\t<\/div>\n\t\t<\/div>\n\t\t\t\t\t<\/div>\n\t\t<\/section>\n\t\t\t\t<section class=\"elementor-section elementor-top-section elementor-element elementor-element-6c8b1d6 elementor-section-boxed elementor-section-height-default elementor-section-height-default\" data-id=\"6c8b1d6\" data-element_type=\"section\" data-e-type=\"section\">\n\t\t\t\t\t\t<div class=\"elementor-container elementor-column-gap-default\">\n\t\t\t\t\t<div class=\"elementor-column elementor-col-50 elementor-top-column elementor-element elementor-element-43334e1\" data-id=\"43334e1\" data-element_type=\"column\" data-e-type=\"column\">\n\t\t\t<div class=\"elementor-widget-wrap elementor-element-populated\">\n\t\t\t\t\t\t<div class=\"elementor-element elementor-element-64e606e elementor-widget elementor-widget-heading\" data-id=\"64e606e\" data-element_type=\"widget\" data-e-type=\"widget\" data-widget_type=\"heading.default\">\n\t\t\t\t<div class=\"elementor-widget-container\">\n\t\t\t\t\t<h2 class=\"elementor-heading-title elementor-size-default\">Enez - ED\u0130RNE<\/h2>\t\t\t\t<\/div>\n\t\t\t\t<\/div>\n\t\t\t\t\t<\/div>\n\t\t<\/div>\n\t\t\t\t<div class=\"elementor-column elementor-col-50 elementor-top-column elementor-element elementor-element-5978e0d\" data-id=\"5978e0d\" data-element_type=\"column\" data-e-type=\"column\">\n\t\t\t<div class=\"elementor-widget-wrap elementor-element-populated\">\n\t\t\t\t\t\t<div class=\"elementor-element elementor-element-d458ccf elementor-widget elementor-widget-text-editor\" data-id=\"d458ccf\" data-element_type=\"widget\" data-e-type=\"widget\" data-widget_type=\"text-editor.default\">\n\t\t\t\t<div class=\"elementor-widget-container\">\n\t\t\t\t\t\t\t\t\t<p><strong>Adres: <\/strong>Yeni Mah. Milli Egemenlik Cad. No:13\/A Enez &#8211; ED\u0130RNE<\/p><p><strong>Yetkili M\u00fchendis: <\/strong>\u00c7a\u011fda\u015f \u015eARMAN<\/p><p><strong>GSM:<\/strong> +90 538 568 93 76<\/p><p><strong>e-posta:<\/strong>\u00a0<\/p>\t\t\t\t\t\t\t\t<\/div>\n\t\t\t\t<\/div>\n\t\t\t\t\t<\/div>\n\t\t<\/div>\n\t\t\t\t\t<\/div>\n\t\t<\/section>\n\t\t\t\t<\/div>\n\t\t","protected":false},"excerpt":{"rendered":"<p>H\u0130DRO YAPI YALITIM DO\u011eALGAZ M\u00dcHEND\u0130SL\u0130K M\u00dc\u015eAV\u0130RL\u0130K SANAY\u0130 VE T\u0130CARET L\u0130M\u0130TED \u015e\u0130RKET\u0130 Kavakl\u0131 Mah. Havadar sok. No 40\/3 Beylikd\u00fcz\u00fc 34520 \/ \u0130STANBUL Telefon:\u00a0+90 (212) 571 10 80 (pbx) Faks:\u00a0+90 (212) 571 &#8230;<\/p>\n","protected":false},"author":1,"featured_media":0,"parent":0,"menu_order":0,"comment_status":"closed","ping_status":"closed","template":"template-fullwidth.php","meta":{"footnotes":""},"class_list":["post-12","page","type-page","status-publish","hentry"],"_links":{"self":[{"href":"https:\/\/www.hidro.com.tr\/index.php?rest_route=\/wp\/v2\/pages\/12","targetHints":{"allow":["GET"]}}],"collection":[{"href":"https:\/\/www.hidro.com.tr\/index.php?rest_route=\/wp\/v2\/pages"}],"about":[{"href":"https:\/\/www.hidro.com.tr\/index.php?rest_route=\/wp\/v2\/types\/page"}],"author":[{"embeddable":true,"href":"https:\/\/www.hidro.com.tr\/index.php?rest_route=\/wp\/v2\/users\/1"}],"replies":[{"embeddable":true,"href":"https:\/\/www.hidro.com.tr\/index.php?rest_route=%2Fwp%2Fv2%2Fcomments&post=12"}],"version-history":[{"count":20,"href":"https:\/\/www.hidro.com.tr\/index.php?rest_route=\/wp\/v2\/pages\/12\/revisions"}],"predecessor-version":[{"id":2291,"href":"https:\/\/www.hidro.com.tr\/index.php?rest_route=\/wp\/v2\/pages\/12\/revisions\/2291"}],"wp:attachment":[{"href":"https:\/\/www.hidro.com.tr\/index.php?rest_route=%2Fwp%2Fv2%2Fmedia&parent=12"}],"curies":[{"name":"wp","href":"https:\/\/api.w.org\/{rel}","templated":true}]}}