{"id":1455,"date":"2021-10-12T20:46:43","date_gmt":"2021-10-12T20:46:43","guid":{"rendered":"https:\/\/www.hidro.com.tr\/?page_id=1455"},"modified":"2021-10-20T02:46:23","modified_gmt":"2021-10-20T02:46:23","slug":"hakkimizda","status":"publish","type":"page","link":"https:\/\/www.hidro.com.tr\/?page_id=1455","title":{"rendered":"Hakk\u0131m\u0131zda"},"content":{"rendered":"\t\t<div data-elementor-type=\"wp-page\" data-elementor-id=\"1455\" class=\"elementor elementor-1455\">\n\t\t\t\t\t\t<section class=\"elementor-section elementor-top-section elementor-element elementor-element-6fe02c2 elementor-section-boxed elementor-section-height-default elementor-section-height-default\" data-id=\"6fe02c2\" data-element_type=\"section\" data-e-type=\"section\">\n\t\t\t\t\t\t<div class=\"elementor-container elementor-column-gap-default\">\n\t\t\t\t\t<div class=\"elementor-column elementor-col-50 elementor-top-column elementor-element elementor-element-63f8baf\" data-id=\"63f8baf\" data-element_type=\"column\" data-e-type=\"column\">\n\t\t\t<div class=\"elementor-widget-wrap elementor-element-populated\">\n\t\t\t\t\t\t<div class=\"elementor-element elementor-element-315e166 elementor-widget elementor-widget-text-editor\" data-id=\"315e166\" data-element_type=\"widget\" data-e-type=\"widget\" data-widget_type=\"text-editor.default\">\n\t\t\t\t<div class=\"elementor-widget-container\">\n\t\t\t\t\t\t\t\t\t<p>Firmam\u0131z, mekanik tesisat projelendirme alan\u0131nda faaliyete ba\u015flay\u0131p sekt\u00f6rdeki bilgi, beceri ve tecr\u00fcbesini artt\u0131rarak, \u0131s\u0131tma, so\u011futma, havaland\u0131rma, buhar, k\u0131zg\u0131n ya\u011f, yang\u0131n, do\u011falgaz ve enerji sistemleri, verimlilik artt\u0131r\u0131c\u0131 \u00f6l\u00e7\u00fcmlemeler ve projeler ile ve 3 boyutlu tasar\u0131m konusunda proje ve uygulama hizmetleri vermektedir.<\/p><p>Kaliteli malzeme, kaliteli i\u015f\u00e7ilik, do\u011fru proje, etkin servis ve %100 m\u00fc\u015fteri memnuniyeti politikas\u0131n\u0131, uzman m\u00fchendis ve teknik personeli ile destekleyerek ve s\u00fcrekli e\u011fitim faaliyetleri ile geli\u015ftirerek sekt\u00f6rdeki faaliyetlerinin kar\u015f\u0131l\u0131\u011f\u0131n\u0131 h\u0131zla b\u00fcy\u00fcyerek alm\u0131\u015ft\u0131r ve almaya da devam etmektedir.<\/p><p>G\u00fcn\u00fcm\u00fcz teknolojilerini yak\u0131ndan takip ederek, kal\u0131c\u0131 olmak, s\u00fcrekli ve dengeli b\u00fcy\u00fcmek ve AR-GE faaliyetlerine destek vermek \u015firketimizin \u00f6ncelikli hedefidir. Faaliyetlerimizi g\u00fcvenilir bir hizmet anlay\u0131\u015f\u0131na ve \u00e7evre bilincine sahip olarak ger\u00e7ekle\u015ftirmek \u00f6ncelikli hedefimizdir.<\/p><p>Evrensel boyutta bilimsel ara\u015ft\u0131rmalar ve uygulamalarla i\u015f d\u00fcnyas\u0131n\u0131n AR-GE merkezi olarak toplumun refah\u0131na katk\u0131da bulunarak ve \u00e7al\u0131\u015fanlar\u0131n\u0131n deneyim edinmesine y\u00f6nelik mesleki e\u011fitim programlar\u0131 \u00e7er\u00e7evesinde meslek uygulamalar\u0131nda yetkin, \u00e7evreye ve topluma duyarl\u0131, etik de\u011ferlere sayg\u0131l\u0131, kendini s\u00fcrekli yenileyerek ve geli\u015ftirerek m\u00fc\u015fterilerine en iyi hizmeti sunmakt\u0131r.<\/p><p>MEKAN\u0130K TES\u0130SAT&#8217;lar konusunda, projelendirmeden test, devreye alma ve sonras\u0131nda i\u015fletmeye devretme noktas\u0131nda kusursuz hizmet anlay\u0131\u015f\u0131yla \u00e7\u0131tay\u0131 daha y\u00fcksek seviyelere ta\u015f\u0131maya devam etmektedir.<\/p><p>Hastaneler, oteller, al\u0131\u015fveri\u015f merkezleri, end\u00fcstriyel tesisler, \u0130\u015f ve ya\u015fam merkezleri, rezidans ve konutlar ve benzeri yap\u0131lar konusundaki kusursuz hizmet ve memnuniyetten dolay\u0131, tercih edilmektedir.<\/p>\t\t\t\t\t\t\t\t<\/div>\n\t\t\t\t<\/div>\n\t\t\t\t\t<\/div>\n\t\t<\/div>\n\t\t\t\t<div class=\"elementor-column elementor-col-50 elementor-top-column elementor-element elementor-element-1a3a142\" data-id=\"1a3a142\" data-element_type=\"column\" data-e-type=\"column\">\n\t\t\t<div class=\"elementor-widget-wrap elementor-element-populated\">\n\t\t\t\t\t\t<div class=\"elementor-element elementor-element-3807608 elementor-widget elementor-widget-image\" data-id=\"3807608\" data-element_type=\"widget\" data-e-type=\"widget\" data-widget_type=\"image.default\">\n\t\t\t\t<div class=\"elementor-widget-container\">\n\t\t\t\t\t\t\t\t\t\t\t\t\t\t\t<img fetchpriority=\"high\" decoding=\"async\" width=\"800\" height=\"394\" src=\"https:\/\/www.hidro.com.tr\/wp-content\/uploads\/2021\/10\/kurumsal.jpg\" class=\"attachment-large size-large wp-image-2006\" alt=\"\" srcset=\"https:\/\/www.hidro.com.tr\/wp-content\/uploads\/2021\/10\/kurumsal.jpg 855w, https:\/\/www.hidro.com.tr\/wp-content\/uploads\/2021\/10\/kurumsal-300x148.jpg 300w, https:\/\/www.hidro.com.tr\/wp-content\/uploads\/2021\/10\/kurumsal-768x378.jpg 768w\" sizes=\"(max-width: 800px) 100vw, 800px\" \/>\t\t\t\t\t\t\t\t\t\t\t\t\t\t\t<\/div>\n\t\t\t\t<\/div>\n\t\t\t\t\t<\/div>\n\t\t<\/div>\n\t\t\t\t\t<\/div>\n\t\t<\/section>\n\t\t\t\t<\/div>\n\t\t","protected":false},"excerpt":{"rendered":"<p>Firmam\u0131z, mekanik tesisat projelendirme alan\u0131nda faaliyete ba\u015flay\u0131p sekt\u00f6rdeki bilgi, beceri ve tecr\u00fcbesini artt\u0131rarak, \u0131s\u0131tma, so\u011futma, havaland\u0131rma, buhar, k\u0131zg\u0131n ya\u011f, yang\u0131n, do\u011falgaz ve enerji sistemleri, verimlilik artt\u0131r\u0131c\u0131 \u00f6l\u00e7\u00fcmlemeler ve projeler ile &#8230;<\/p>\n","protected":false},"author":1,"featured_media":0,"parent":0,"menu_order":0,"comment_status":"closed","ping_status":"closed","template":"template-fullwidth.php","meta":{"footnotes":""},"class_list":["post-1455","page","type-page","status-publish","hentry"],"_links":{"self":[{"href":"https:\/\/www.hidro.com.tr\/index.php?rest_route=\/wp\/v2\/pages\/1455","targetHints":{"allow":["GET"]}}],"collection":[{"href":"https:\/\/www.hidro.com.tr\/index.php?rest_route=\/wp\/v2\/pages"}],"about":[{"href":"https:\/\/www.hidro.com.tr\/index.php?rest_route=\/wp\/v2\/types\/page"}],"author":[{"embeddable":true,"href":"https:\/\/www.hidro.com.tr\/index.php?rest_route=\/wp\/v2\/users\/1"}],"replies":[{"embeddable":true,"href":"https:\/\/www.hidro.com.tr\/index.php?rest_route=%2Fwp%2Fv2%2Fcomments&post=1455"}],"version-history":[{"count":7,"href":"https:\/\/www.hidro.com.tr\/index.php?rest_route=\/wp\/v2\/pages\/1455\/revisions"}],"predecessor-version":[{"id":2009,"href":"https:\/\/www.hidro.com.tr\/index.php?rest_route=\/wp\/v2\/pages\/1455\/revisions\/2009"}],"wp:attachment":[{"href":"https:\/\/www.hidro.com.tr\/index.php?rest_route=%2Fwp%2Fv2%2Fmedia&parent=1455"}],"curies":[{"name":"wp","href":"https:\/\/api.w.org\/{rel}","templated":true}]}}