{"id":1456,"date":"2021-10-12T20:46:43","date_gmt":"2021-10-12T20:46:43","guid":{"rendered":"https:\/\/www.hidro.com.tr\/?page_id=1456"},"modified":"2021-10-20T13:24:31","modified_gmt":"2021-10-20T13:24:31","slug":"vizyon-misyon","status":"publish","type":"page","link":"https:\/\/www.hidro.com.tr\/?page_id=1456","title":{"rendered":"Ama\u00e7lar\u0131m\u0131z &#038; G\u00f6revlerimiz"},"content":{"rendered":"\t\t<div data-elementor-type=\"wp-page\" data-elementor-id=\"1456\" class=\"elementor elementor-1456\">\n\t\t\t\t\t\t<section class=\"elementor-section elementor-top-section elementor-element elementor-element-180c09b elementor-section-boxed elementor-section-height-default elementor-section-height-default\" data-id=\"180c09b\" data-element_type=\"section\" data-e-type=\"section\">\n\t\t\t\t\t\t<div class=\"elementor-container elementor-column-gap-default\">\n\t\t\t\t\t<div class=\"elementor-column elementor-col-50 elementor-top-column elementor-element elementor-element-507dd0c\" data-id=\"507dd0c\" data-element_type=\"column\" data-e-type=\"column\">\n\t\t\t<div class=\"elementor-widget-wrap elementor-element-populated\">\n\t\t\t\t\t\t<div class=\"elementor-element elementor-element-9f88f97 elementor-widget elementor-widget-text-editor\" data-id=\"9f88f97\" data-element_type=\"widget\" data-e-type=\"widget\" data-widget_type=\"text-editor.default\">\n\t\t\t\t<div class=\"elementor-widget-container\">\n\t\t\t\t\t\t\t\t\t<p><strong>\u0130lkelerimiz<\/strong><\/p><p>Sorumluluk, d\u00fcr\u00fcstl\u00fck, yenilik\u00e7i bak\u0131\u015f a\u00e7\u0131s\u0131, bilimsel \u00e7al\u0131\u015fmalara \u00f6nem vermek ve daima ara\u015ft\u0131rmac\u0131 olmak ilkelerini edinmi\u015ftir.<\/p><p><strong>G\u00f6revlerimiz<\/strong><\/p><p>Kaliteli hizmetleri h\u0131zl\u0131 ve do\u011fru \u015fekilde, g\u00fcncel teknolojiyi kullan\u0131p yapmaya \u00e7al\u0131\u015fmaktay\u0131z.<\/p><p><strong>Ama\u00e7lar\u0131m\u0131z<\/strong><\/p><p>\u00c7al\u0131\u015fma alanlar\u0131m\u0131zla ilgili konularda en sayg\u0131n ve en ba\u015far\u0131l\u0131 firma olmay\u0131 vizyonumuz olarak kabul etmekteyiz.<\/p>\t\t\t\t\t\t\t\t<\/div>\n\t\t\t\t<\/div>\n\t\t\t\t\t<\/div>\n\t\t<\/div>\n\t\t\t\t<div class=\"elementor-column elementor-col-50 elementor-top-column elementor-element elementor-element-eb617b4\" data-id=\"eb617b4\" data-element_type=\"column\" data-e-type=\"column\">\n\t\t\t<div class=\"elementor-widget-wrap elementor-element-populated\">\n\t\t\t\t\t\t<div class=\"elementor-element elementor-element-bb6ee60 elementor-widget elementor-widget-image\" data-id=\"bb6ee60\" data-element_type=\"widget\" data-e-type=\"widget\" data-widget_type=\"image.default\">\n\t\t\t\t<div class=\"elementor-widget-container\">\n\t\t\t\t\t\t\t\t\t\t\t\t\t\t\t<img fetchpriority=\"high\" decoding=\"async\" width=\"430\" height=\"230\" src=\"https:\/\/www.hidro.com.tr\/wp-content\/uploads\/2021\/10\/vizyon-misyon.png\" class=\"attachment-large size-large wp-image-2010\" alt=\"\" srcset=\"https:\/\/www.hidro.com.tr\/wp-content\/uploads\/2021\/10\/vizyon-misyon.png 430w, https:\/\/www.hidro.com.tr\/wp-content\/uploads\/2021\/10\/vizyon-misyon-300x160.png 300w\" sizes=\"(max-width: 430px) 100vw, 430px\" \/>\t\t\t\t\t\t\t\t\t\t\t\t\t\t\t<\/div>\n\t\t\t\t<\/div>\n\t\t\t\t\t<\/div>\n\t\t<\/div>\n\t\t\t\t\t<\/div>\n\t\t<\/section>\n\t\t\t\t<\/div>\n\t\t","protected":false},"excerpt":{"rendered":"<p>\u0130lkelerimiz Sorumluluk, d\u00fcr\u00fcstl\u00fck, yenilik\u00e7i bak\u0131\u015f a\u00e7\u0131s\u0131, bilimsel \u00e7al\u0131\u015fmalara \u00f6nem vermek ve daima ara\u015ft\u0131rmac\u0131 olmak ilkelerini edinmi\u015ftir. G\u00f6revlerimiz Kaliteli hizmetleri h\u0131zl\u0131 ve do\u011fru \u015fekilde, g\u00fcncel teknolojiyi kullan\u0131p yapmaya \u00e7al\u0131\u015fmaktay\u0131z. Ama\u00e7lar\u0131m\u0131z \u00c7al\u0131\u015fma &#8230;<\/p>\n","protected":false},"author":1,"featured_media":0,"parent":0,"menu_order":0,"comment_status":"closed","ping_status":"closed","template":"template-fullwidth.php","meta":{"footnotes":""},"class_list":["post-1456","page","type-page","status-publish","hentry"],"_links":{"self":[{"href":"https:\/\/www.hidro.com.tr\/index.php?rest_route=\/wp\/v2\/pages\/1456","targetHints":{"allow":["GET"]}}],"collection":[{"href":"https:\/\/www.hidro.com.tr\/index.php?rest_route=\/wp\/v2\/pages"}],"about":[{"href":"https:\/\/www.hidro.com.tr\/index.php?rest_route=\/wp\/v2\/types\/page"}],"author":[{"embeddable":true,"href":"https:\/\/www.hidro.com.tr\/index.php?rest_route=\/wp\/v2\/users\/1"}],"replies":[{"embeddable":true,"href":"https:\/\/www.hidro.com.tr\/index.php?rest_route=%2Fwp%2Fv2%2Fcomments&post=1456"}],"version-history":[{"count":12,"href":"https:\/\/www.hidro.com.tr\/index.php?rest_route=\/wp\/v2\/pages\/1456\/revisions"}],"predecessor-version":[{"id":2048,"href":"https:\/\/www.hidro.com.tr\/index.php?rest_route=\/wp\/v2\/pages\/1456\/revisions\/2048"}],"wp:attachment":[{"href":"https:\/\/www.hidro.com.tr\/index.php?rest_route=%2Fwp%2Fv2%2Fmedia&parent=1456"}],"curies":[{"name":"wp","href":"https:\/\/api.w.org\/{rel}","templated":true}]}}