{"id":1458,"date":"2021-10-12T20:46:43","date_gmt":"2021-10-12T20:46:43","guid":{"rendered":"https:\/\/www.hidro.com.tr\/?page_id=1458"},"modified":"2023-12-11T17:06:38","modified_gmt":"2023-12-11T17:06:38","slug":"kalite-politikamiz","status":"publish","type":"page","link":"https:\/\/www.hidro.com.tr\/?page_id=1458","title":{"rendered":"Kalite Politikam\u0131z"},"content":{"rendered":"\t\t<div data-elementor-type=\"wp-page\" data-elementor-id=\"1458\" class=\"elementor elementor-1458\">\n\t\t\t\t\t\t<section class=\"elementor-section elementor-top-section elementor-element elementor-element-a1eb49d elementor-section-boxed elementor-section-height-default elementor-section-height-default\" data-id=\"a1eb49d\" data-element_type=\"section\" data-e-type=\"section\">\n\t\t\t\t\t\t<div class=\"elementor-container elementor-column-gap-default\">\n\t\t\t\t\t<div class=\"elementor-column elementor-col-50 elementor-top-column elementor-element elementor-element-95d5333\" data-id=\"95d5333\" data-element_type=\"column\" data-e-type=\"column\">\n\t\t\t<div class=\"elementor-widget-wrap elementor-element-populated\">\n\t\t\t\t\t\t<div class=\"elementor-element elementor-element-d54e562 elementor-widget elementor-widget-text-editor\" data-id=\"d54e562\" data-element_type=\"widget\" data-e-type=\"widget\" data-widget_type=\"text-editor.default\">\n\t\t\t\t<div class=\"elementor-widget-container\">\n\t\t\t\t\t\t\t\t\t<p>GLOBAL VE ULUSAL \u00d6L\u00c7EKL\u0130 \u00c7EVRE B\u0130L\u0130NC\u0130NE SAH\u0130P<\/p><p>Hidro Yap\u0131 M\u00fchendislik, ilgili standartlara uygun olarak, m\u00fc\u015fteri memnuniyeti odakl\u0131, \u00e7al\u0131\u015fanlar\u0131n y\u00fcksek memnuniyeti, teknolojiyi yak\u0131n takip, \u00fcniversiteler ve meslek \u00f6rg\u00fctleri ile yak\u0131n ileti\u015fim, y\u00fcksek kaliteden \u00f6d\u00fcn vermemek ve \u00e7evreye sayg\u0131l\u0131 olmak ana prensiplerini hedef alm\u0131\u015ft\u0131r.<\/p><p>Proje, imalat, montaj ve di\u011fer hizmetlerin m\u00fc\u015fteriyi \u00fcst seviyede memnun etmesi,<br \/>Ekip \u00e7al\u0131\u015fmas\u0131 heves ve arzusu ile iyi bir organizasyon neticesi \u00e7al\u0131\u015fanlar\u0131m\u0131z\u0131n memnun edilmesi,<br \/>Teknolojiyi s\u00fcrekli takip ederek her zaman rakiplerinden \u00f6nde olma iste\u011finin olu\u015fmas\u0131,<br \/>Hizmetlerin zaman\u0131nda, emniyetle, ekonomik bir \u015fekilde ve kaliteden \u00f6d\u00fcn verilmeden ger\u00e7ekle\u015ftirilmesi,<br \/>\u00c7evre mevzuat\u0131n\u0131n gerektirdi\u011fi seviyelerde \u00e7evreye sayg\u0131l\u0131 olunmas\u0131,<br \/>K\u00fcresel \u0131s\u0131nma ile m\u00fccadele edici tasar\u0131mlar\u0131n yap\u0131lmas\u0131 ve ilgili tedbirlerin al\u0131nmas\u0131,<\/p><p>\u015eirketimiz i\u00e7in de\u011fi\u015fmez &#8220;Kalite Politikas\u0131&#8221; esaslar\u0131 olarak kabul edilmi\u015ftir.<\/p><p>Merkez ofisimiz, imalathanemiz ve merkez depo faaliyetlerimiz, e\u011fitimli personelimiz ve organizasyon yap\u0131m\u0131z ile \u00fcst\u00fcn teknolojileri takip ederek sertifika sahibi bulundu\u011fumuz;<\/p><p>ISO 9001-2008 T\u00dcV Kalite Y\u00f6netim Sistemi ve \u015eirket Kalite Politikas\u0131 ve Hedefleri, do\u011frultusunda benzer hizmetleri, zamanlamas\u0131na uygun, emniyetli \u00e7al\u0131\u015farak, kaliteden \u00f6d\u00fcn vermeden yapmaya her zaman i\u00e7in haz\u0131r bulunman\u0131n bilinci i\u00e7erisindeyiz.<\/p>\t\t\t\t\t\t\t\t<\/div>\n\t\t\t\t<\/div>\n\t\t\t\t\t<\/div>\n\t\t<\/div>\n\t\t\t\t<div class=\"elementor-column elementor-col-50 elementor-top-column elementor-element elementor-element-0c2a9c7\" data-id=\"0c2a9c7\" data-element_type=\"column\" data-e-type=\"column\">\n\t\t\t<div class=\"elementor-widget-wrap elementor-element-populated\">\n\t\t\t\t\t\t<div class=\"elementor-element elementor-element-4f80e3a elementor-widget elementor-widget-image\" data-id=\"4f80e3a\" data-element_type=\"widget\" data-e-type=\"widget\" data-widget_type=\"image.default\">\n\t\t\t\t<div class=\"elementor-widget-container\">\n\t\t\t\t\t\t\t\t\t\t\t\t\t\t\t<img fetchpriority=\"high\" decoding=\"async\" width=\"400\" height=\"230\" src=\"https:\/\/www.hidro.com.tr\/wp-content\/uploads\/2021\/10\/kk.jpg\" class=\"attachment-large size-large wp-image-2014\" alt=\"\" srcset=\"https:\/\/www.hidro.com.tr\/wp-content\/uploads\/2021\/10\/kk.jpg 400w, https:\/\/www.hidro.com.tr\/wp-content\/uploads\/2021\/10\/kk-300x173.jpg 300w\" sizes=\"(max-width: 400px) 100vw, 400px\" \/>\t\t\t\t\t\t\t\t\t\t\t\t\t\t\t<\/div>\n\t\t\t\t<\/div>\n\t\t\t\t\t<\/div>\n\t\t<\/div>\n\t\t\t\t\t<\/div>\n\t\t<\/section>\n\t\t\t\t<\/div>\n\t\t","protected":false},"excerpt":{"rendered":"<p>GLOBAL VE ULUSAL \u00d6L\u00c7EKL\u0130 \u00c7EVRE B\u0130L\u0130NC\u0130NE SAH\u0130P Hidro Yap\u0131 M\u00fchendislik, ilgili standartlara uygun olarak, m\u00fc\u015fteri memnuniyeti odakl\u0131, \u00e7al\u0131\u015fanlar\u0131n y\u00fcksek memnuniyeti, teknolojiyi yak\u0131n takip, \u00fcniversiteler ve meslek \u00f6rg\u00fctleri ile yak\u0131n ileti\u015fim, &#8230;<\/p>\n","protected":false},"author":1,"featured_media":0,"parent":0,"menu_order":0,"comment_status":"closed","ping_status":"closed","template":"template-fullwidth.php","meta":{"footnotes":""},"class_list":["post-1458","page","type-page","status-publish","hentry"],"_links":{"self":[{"href":"https:\/\/www.hidro.com.tr\/index.php?rest_route=\/wp\/v2\/pages\/1458","targetHints":{"allow":["GET"]}}],"collection":[{"href":"https:\/\/www.hidro.com.tr\/index.php?rest_route=\/wp\/v2\/pages"}],"about":[{"href":"https:\/\/www.hidro.com.tr\/index.php?rest_route=\/wp\/v2\/types\/page"}],"author":[{"embeddable":true,"href":"https:\/\/www.hidro.com.tr\/index.php?rest_route=\/wp\/v2\/users\/1"}],"replies":[{"embeddable":true,"href":"https:\/\/www.hidro.com.tr\/index.php?rest_route=%2Fwp%2Fv2%2Fcomments&post=1458"}],"version-history":[{"count":13,"href":"https:\/\/www.hidro.com.tr\/index.php?rest_route=\/wp\/v2\/pages\/1458\/revisions"}],"predecessor-version":[{"id":2271,"href":"https:\/\/www.hidro.com.tr\/index.php?rest_route=\/wp\/v2\/pages\/1458\/revisions\/2271"}],"wp:attachment":[{"href":"https:\/\/www.hidro.com.tr\/index.php?rest_route=%2Fwp%2Fv2%2Fmedia&parent=1458"}],"curies":[{"name":"wp","href":"https:\/\/api.w.org\/{rel}","templated":true}]}}