{"id":1459,"date":"2021-10-12T20:46:43","date_gmt":"2021-10-12T20:46:43","guid":{"rendered":"https:\/\/www.hidro.com.tr\/?page_id=1459"},"modified":"2021-10-20T03:06:00","modified_gmt":"2021-10-20T03:06:00","slug":"temel-prensiplerimiz","status":"publish","type":"page","link":"https:\/\/www.hidro.com.tr\/?page_id=1459","title":{"rendered":"Temel Prensiplerimiz"},"content":{"rendered":"\t\t<div data-elementor-type=\"wp-page\" data-elementor-id=\"1459\" class=\"elementor elementor-1459\">\n\t\t\t\t\t\t<section class=\"elementor-section elementor-top-section elementor-element elementor-element-b663d88 elementor-section-boxed elementor-section-height-default elementor-section-height-default\" data-id=\"b663d88\" data-element_type=\"section\" data-e-type=\"section\">\n\t\t\t\t\t\t<div class=\"elementor-container elementor-column-gap-default\">\n\t\t\t\t\t<div class=\"elementor-column elementor-col-50 elementor-top-column elementor-element elementor-element-187856b\" data-id=\"187856b\" data-element_type=\"column\" data-e-type=\"column\">\n\t\t\t<div class=\"elementor-widget-wrap elementor-element-populated\">\n\t\t\t\t\t\t<div class=\"elementor-element elementor-element-798b3e2 elementor-widget elementor-widget-text-editor\" data-id=\"798b3e2\" data-element_type=\"widget\" data-e-type=\"widget\" data-widget_type=\"text-editor.default\">\n\t\t\t\t<div class=\"elementor-widget-container\">\n\t\t\t\t\t\t\t\t\t<p>T\u00fcrkiye\u2019de ve D\u00fcnya\u2019da geli\u0219mekte olan teknolojilere paralel olarak;<\/p><p>* Kaliteyi s\u00fcrekli art\u0131rarak y\u00fcksek m\u00fc\u0219teri memnuniyetini sa\u011flamak,<br \/>* Maliyetleri g\u00f6zden ge\u00e7irerek mu\u0308\u0219teriye daha uygun fiyatl\u0131 \u00e7\u00f6z\u00fcmler sunmak,<br \/>* Teknolojiyi s\u00fcrekli takip ederek \u015firketi\u00e7i s\u00fcrekli e\u011fitim faaliyetlerinde bulunmak,<br \/>* Verimli i\u0219letmecilik hedefleyen, g\u00fcvenilir ve aran\u0131r bir firma olmak,<br \/>* T\u00fcm \u00e7al\u0131\u0219anlar\u0131yla huzurlu olup sorunsuz bir sistem kurmak,<\/p><p>temel prensiplerinden hareket ederek, yurt i\u00e7inde oldu\u011fu kadar, yurt d\u0131\u0219\u0131nda da sekt\u00f6r\u00fcn liderli\u011fini hedeflemektedir.<\/p>\t\t\t\t\t\t\t\t<\/div>\n\t\t\t\t<\/div>\n\t\t\t\t\t<\/div>\n\t\t<\/div>\n\t\t\t\t<div class=\"elementor-column elementor-col-50 elementor-top-column elementor-element elementor-element-a4b7a01\" data-id=\"a4b7a01\" data-element_type=\"column\" data-e-type=\"column\">\n\t\t\t<div class=\"elementor-widget-wrap elementor-element-populated\">\n\t\t\t\t\t\t<div class=\"elementor-element elementor-element-8de3826 elementor-widget elementor-widget-image\" data-id=\"8de3826\" data-element_type=\"widget\" data-e-type=\"widget\" data-widget_type=\"image.default\">\n\t\t\t\t<div class=\"elementor-widget-container\">\n\t\t\t\t\t\t\t\t\t\t\t\t\t\t\t<img fetchpriority=\"high\" decoding=\"async\" width=\"361\" height=\"306\" src=\"https:\/\/www.hidro.com.tr\/wp-content\/uploads\/2021\/10\/temelilkeler.jpg\" class=\"attachment-large size-large wp-image-2019\" alt=\"\" srcset=\"https:\/\/www.hidro.com.tr\/wp-content\/uploads\/2021\/10\/temelilkeler.jpg 361w, https:\/\/www.hidro.com.tr\/wp-content\/uploads\/2021\/10\/temelilkeler-300x254.jpg 300w\" sizes=\"(max-width: 361px) 100vw, 361px\" \/>\t\t\t\t\t\t\t\t\t\t\t\t\t\t\t<\/div>\n\t\t\t\t<\/div>\n\t\t\t\t\t<\/div>\n\t\t<\/div>\n\t\t\t\t\t<\/div>\n\t\t<\/section>\n\t\t\t\t<\/div>\n\t\t","protected":false},"excerpt":{"rendered":"<p>T\u00fcrkiye\u2019de ve D\u00fcnya\u2019da geli\u0219mekte olan teknolojilere paralel olarak; * Kaliteyi s\u00fcrekli art\u0131rarak y\u00fcksek m\u00fc\u0219teri memnuniyetini sa\u011flamak,* Maliyetleri g\u00f6zden ge\u00e7irerek mu\u0308\u0219teriye daha uygun fiyatl\u0131 \u00e7\u00f6z\u00fcmler sunmak,* Teknolojiyi s\u00fcrekli takip ederek \u015firketi\u00e7i &#8230;<\/p>\n","protected":false},"author":1,"featured_media":0,"parent":0,"menu_order":0,"comment_status":"closed","ping_status":"closed","template":"template-fullwidth.php","meta":{"footnotes":""},"class_list":["post-1459","page","type-page","status-publish","hentry"],"_links":{"self":[{"href":"https:\/\/www.hidro.com.tr\/index.php?rest_route=\/wp\/v2\/pages\/1459","targetHints":{"allow":["GET"]}}],"collection":[{"href":"https:\/\/www.hidro.com.tr\/index.php?rest_route=\/wp\/v2\/pages"}],"about":[{"href":"https:\/\/www.hidro.com.tr\/index.php?rest_route=\/wp\/v2\/types\/page"}],"author":[{"embeddable":true,"href":"https:\/\/www.hidro.com.tr\/index.php?rest_route=\/wp\/v2\/users\/1"}],"replies":[{"embeddable":true,"href":"https:\/\/www.hidro.com.tr\/index.php?rest_route=%2Fwp%2Fv2%2Fcomments&post=1459"}],"version-history":[{"count":7,"href":"https:\/\/www.hidro.com.tr\/index.php?rest_route=\/wp\/v2\/pages\/1459\/revisions"}],"predecessor-version":[{"id":2022,"href":"https:\/\/www.hidro.com.tr\/index.php?rest_route=\/wp\/v2\/pages\/1459\/revisions\/2022"}],"wp:attachment":[{"href":"https:\/\/www.hidro.com.tr\/index.php?rest_route=%2Fwp%2Fv2%2Fmedia&parent=1459"}],"curies":[{"name":"wp","href":"https:\/\/api.w.org\/{rel}","templated":true}]}}