{"id":1462,"date":"2021-10-12T20:46:43","date_gmt":"2021-10-12T20:46:43","guid":{"rendered":"https:\/\/www.hidro.com.tr\/?page_id=1462"},"modified":"2021-10-20T03:07:50","modified_gmt":"2021-10-20T03:07:50","slug":"isg-politikamiz","status":"publish","type":"page","link":"https:\/\/www.hidro.com.tr\/?page_id=1462","title":{"rendered":"\u0130SG Politikam\u0131z"},"content":{"rendered":"\t\t<div data-elementor-type=\"wp-page\" data-elementor-id=\"1462\" class=\"elementor elementor-1462\">\n\t\t\t\t\t\t<section class=\"elementor-section elementor-top-section elementor-element elementor-element-dc72f5b elementor-section-boxed elementor-section-height-default elementor-section-height-default\" data-id=\"dc72f5b\" data-element_type=\"section\" data-e-type=\"section\">\n\t\t\t\t\t\t<div class=\"elementor-container elementor-column-gap-default\">\n\t\t\t\t\t<div class=\"elementor-column elementor-col-50 elementor-top-column elementor-element elementor-element-a2e9261\" data-id=\"a2e9261\" data-element_type=\"column\" data-e-type=\"column\">\n\t\t\t<div class=\"elementor-widget-wrap elementor-element-populated\">\n\t\t\t\t\t\t<div class=\"elementor-element elementor-element-c722d02 elementor-widget elementor-widget-text-editor\" data-id=\"c722d02\" data-element_type=\"widget\" data-e-type=\"widget\" data-widget_type=\"text-editor.default\">\n\t\t\t\t<div class=\"elementor-widget-container\">\n\t\t\t\t\t\t\t\t\t<p><strong>Hidro Yap\u0131 M\u00fchendislik<\/strong>, a\u015fa\u011f\u0131daki politikalar do\u011frultusunda hareket eder. Bu politikalar\u0131 t\u00fcm \u00e7al\u0131\u015fanlar\u0131na duyurur ve ilgili taraflara ula\u015f\u0131labilir k\u0131lar:<\/p><ul class=\"listeokbl\"><li><strong>Hidro Yap\u0131 M\u00fchendislik<\/strong>, \u00e7al\u0131\u015fanlar\u0131n\u0131n ve ilgili di\u011fer taraflar\u0131n yaralanmas\u0131n\u0131n, sa\u011fl\u0131\u011f\u0131n\u0131n bozulmas\u0131n\u0131n \u00f6n\u00fcne ge\u00e7mek, i\u015f sa\u011fl\u0131\u011f\u0131 ve g\u00fcvenli\u011fi a\u00e7\u0131s\u0131ndan uygun ve g\u00fcvenli bir \u00e7al\u0131\u015fma ortam\u0131 olu\u015fturmak i\u00e7in gereken her t\u00fcrl\u00fc \u00f6nlemi al\u0131r.<\/li><li>Tehlikeleri ortadan kald\u0131rmak ve riskleri azaltmak i\u00e7in, \u0130\u015f sa\u011fl\u0131\u011f\u0131 ve g\u00fcvenli\u011fi tedbirlerine uyulup uyulmad\u0131\u011f\u0131n\u0131 izler, denetler ve uygunsuzluklar\u0131n giderilmesini sa\u011flar,<\/li><li>Y\u00fcr\u00fcrl\u00fckteki yasal \u015fartlara ve di\u011fer \u015fartlara uygun hareket eder,<\/li><li>\u0130\u015f Sa\u011fl\u0131\u011f\u0131 ve G\u00fcvenli\u011fi y\u00f6netim sisteminin performans\u0131n\u0131 s\u00fcrekli iyile\u015ftirmek i\u00e7in \u00e7al\u0131\u015f\u0131r.<\/li><li>\u00c7al\u0131\u015fanlar\u0131n\u0131n, \u0130SGYS\u2019nin geli\u015ftirilmesi ve iyile\u015ftirilmesine y\u00f6nelik kat\u0131l\u0131mlar\u0131n\u0131 sa\u011flamak, onlar\u0131n g\u00f6r\u00fc\u015f ve \u00f6nerilerini almak i\u00e7in gerekli faaliyetleri y\u00fcr\u00fct\u00fcr.<\/li><\/ul>\t\t\t\t\t\t\t\t<\/div>\n\t\t\t\t<\/div>\n\t\t\t\t\t<\/div>\n\t\t<\/div>\n\t\t\t\t<div class=\"elementor-column elementor-col-50 elementor-top-column elementor-element elementor-element-e41b053\" data-id=\"e41b053\" data-element_type=\"column\" data-e-type=\"column\">\n\t\t\t<div class=\"elementor-widget-wrap elementor-element-populated\">\n\t\t\t\t\t\t<div class=\"elementor-element elementor-element-62c6b64 elementor-widget elementor-widget-image\" data-id=\"62c6b64\" data-element_type=\"widget\" data-e-type=\"widget\" data-widget_type=\"image.default\">\n\t\t\t\t<div class=\"elementor-widget-container\">\n\t\t\t\t\t\t\t\t\t\t\t\t\t\t\t<img fetchpriority=\"high\" decoding=\"async\" width=\"512\" height=\"381\" src=\"https:\/\/www.hidro.com.tr\/wp-content\/uploads\/2021\/10\/isgpolitika.jpg\" class=\"attachment-large size-large wp-image-2023\" alt=\"\" srcset=\"https:\/\/www.hidro.com.tr\/wp-content\/uploads\/2021\/10\/isgpolitika.jpg 512w, https:\/\/www.hidro.com.tr\/wp-content\/uploads\/2021\/10\/isgpolitika-300x223.jpg 300w\" sizes=\"(max-width: 512px) 100vw, 512px\" \/>\t\t\t\t\t\t\t\t\t\t\t\t\t\t\t<\/div>\n\t\t\t\t<\/div>\n\t\t\t\t\t<\/div>\n\t\t<\/div>\n\t\t\t\t\t<\/div>\n\t\t<\/section>\n\t\t\t\t<\/div>\n\t\t","protected":false},"excerpt":{"rendered":"<p>Hidro Yap\u0131 M\u00fchendislik, a\u015fa\u011f\u0131daki politikalar do\u011frultusunda hareket eder. Bu politikalar\u0131 t\u00fcm \u00e7al\u0131\u015fanlar\u0131na duyurur ve ilgili taraflara ula\u015f\u0131labilir k\u0131lar: Hidro Yap\u0131 M\u00fchendislik, \u00e7al\u0131\u015fanlar\u0131n\u0131n ve ilgili di\u011fer taraflar\u0131n yaralanmas\u0131n\u0131n, sa\u011fl\u0131\u011f\u0131n\u0131n bozulmas\u0131n\u0131n \u00f6n\u00fcne &#8230;<\/p>\n","protected":false},"author":1,"featured_media":0,"parent":0,"menu_order":0,"comment_status":"closed","ping_status":"closed","template":"template-fullwidth.php","meta":{"footnotes":""},"class_list":["post-1462","page","type-page","status-publish","hentry"],"_links":{"self":[{"href":"https:\/\/www.hidro.com.tr\/index.php?rest_route=\/wp\/v2\/pages\/1462","targetHints":{"allow":["GET"]}}],"collection":[{"href":"https:\/\/www.hidro.com.tr\/index.php?rest_route=\/wp\/v2\/pages"}],"about":[{"href":"https:\/\/www.hidro.com.tr\/index.php?rest_route=\/wp\/v2\/types\/page"}],"author":[{"embeddable":true,"href":"https:\/\/www.hidro.com.tr\/index.php?rest_route=\/wp\/v2\/users\/1"}],"replies":[{"embeddable":true,"href":"https:\/\/www.hidro.com.tr\/index.php?rest_route=%2Fwp%2Fv2%2Fcomments&post=1462"}],"version-history":[{"count":5,"href":"https:\/\/www.hidro.com.tr\/index.php?rest_route=\/wp\/v2\/pages\/1462\/revisions"}],"predecessor-version":[{"id":2026,"href":"https:\/\/www.hidro.com.tr\/index.php?rest_route=\/wp\/v2\/pages\/1462\/revisions\/2026"}],"wp:attachment":[{"href":"https:\/\/www.hidro.com.tr\/index.php?rest_route=%2Fwp%2Fv2%2Fmedia&parent=1462"}],"curies":[{"name":"wp","href":"https:\/\/api.w.org\/{rel}","templated":true}]}}