{"id":1463,"date":"2021-10-12T20:46:43","date_gmt":"2021-10-12T20:46:43","guid":{"rendered":"https:\/\/www.hidro.com.tr\/?page_id=1463"},"modified":"2021-10-20T03:12:29","modified_gmt":"2021-10-20T03:12:29","slug":"cevre-politikamiz","status":"publish","type":"page","link":"https:\/\/www.hidro.com.tr\/?page_id=1463","title":{"rendered":"\u00c7evre Politikam\u0131z"},"content":{"rendered":"\t\t<div data-elementor-type=\"wp-page\" data-elementor-id=\"1463\" class=\"elementor elementor-1463\">\n\t\t\t\t\t\t<section class=\"elementor-section elementor-top-section elementor-element elementor-element-8be2765 elementor-section-boxed elementor-section-height-default elementor-section-height-default\" data-id=\"8be2765\" data-element_type=\"section\" data-e-type=\"section\">\n\t\t\t\t\t\t<div class=\"elementor-container elementor-column-gap-default\">\n\t\t\t\t\t<div class=\"elementor-column elementor-col-50 elementor-top-column elementor-element elementor-element-05b5c63\" data-id=\"05b5c63\" data-element_type=\"column\" data-e-type=\"column\">\n\t\t\t<div class=\"elementor-widget-wrap elementor-element-populated\">\n\t\t\t\t\t\t<div class=\"elementor-element elementor-element-5885ee3 elementor-widget elementor-widget-text-editor\" data-id=\"5885ee3\" data-element_type=\"widget\" data-e-type=\"widget\" data-widget_type=\"text-editor.default\">\n\t\t\t\t<div class=\"elementor-widget-container\">\n\t\t\t\t\t\t\t\t\t<p><strong>Hidro Yap\u0131 M\u00fchendislik<\/strong>, a\u015fa\u011f\u0131daki politikalar do\u011frultusunda hareket eder. Bu politikalar\u0131 t\u00fcm \u00e7al\u0131\u015fanlar\u0131na duyurur ve ilgili taraflara ula\u015f\u0131labilir k\u0131lar:<\/p><ul class=\"listeokbl\"><li><strong>Hidro Yap\u0131 M\u00fchendislik<\/strong>\u00a0y\u00fcr\u00fctt\u00fc\u011f\u00fc faaliyetlerin \u00e7evre \u00fczerindeki olumsuz etkilerini ortadan kald\u0131rmak veya azaltmak i\u00e7in \u00e7al\u0131\u015f\u0131r,<\/li><li>Do\u011fal kaynaklar\u0131 verimli ve tasarruflu kullan\u0131r,<\/li><li>Kirlili\u011fin \u00f6nlenmesi i\u00e7in at\u0131klar\u0131n yeniden kullan\u0131m\u0131, geri kazan\u0131m\u0131, geri d\u00f6n\u00fc\u015f\u00fcm\u00fc ve bertaraf\u0131n\u0131 ger\u00e7ekle\u015ftirir,<\/li><li>T\u00fcm\u00a0<strong>Hidro Yap\u0131 M\u00fchendislik<\/strong>\u00a0personelinde \u00e7evre bilin\u00e7 ve k\u00fclt\u00fcr\u00fcn\u00fcn olu\u015fmas\u0131 konusunda \u00e7aba g\u00f6sterir,<\/li><li>T\u00fcm \u00e7al\u0131\u015fanlar\u0131n\u0131n \u00e7evrenin korunmas\u0131na katk\u0131da bulunmalar\u0131n\u0131 te\u015fvik eder,<\/li><li>Yasal \u015fartlar ve di\u011fer \u015fartlarla ilgili uygunluk y\u00fck\u00fcml\u00fcl\u00fcklerini yerine getirir,<\/li><li>\u00c7evre performans\u0131n\u0131 artt\u0131rmak i\u00e7in \u00c7evre Y\u00f6netim Sistemini s\u00fcrekli iyile\u015ftirir.<\/li><\/ul>\t\t\t\t\t\t\t\t<\/div>\n\t\t\t\t<\/div>\n\t\t\t\t\t<\/div>\n\t\t<\/div>\n\t\t\t\t<div class=\"elementor-column elementor-col-50 elementor-top-column elementor-element elementor-element-1e34cb2\" data-id=\"1e34cb2\" data-element_type=\"column\" data-e-type=\"column\">\n\t\t\t<div class=\"elementor-widget-wrap elementor-element-populated\">\n\t\t\t\t\t\t<div class=\"elementor-element elementor-element-912f531 elementor-widget elementor-widget-image\" data-id=\"912f531\" data-element_type=\"widget\" data-e-type=\"widget\" data-widget_type=\"image.default\">\n\t\t\t\t<div class=\"elementor-widget-container\">\n\t\t\t\t\t\t\t\t\t\t\t\t\t\t\t<img fetchpriority=\"high\" decoding=\"async\" width=\"512\" height=\"456\" src=\"https:\/\/www.hidro.com.tr\/wp-content\/uploads\/2021\/10\/cevrepolitikasi.jpg\" class=\"attachment-large size-large wp-image-2027\" alt=\"\" srcset=\"https:\/\/www.hidro.com.tr\/wp-content\/uploads\/2021\/10\/cevrepolitikasi.jpg 512w, https:\/\/www.hidro.com.tr\/wp-content\/uploads\/2021\/10\/cevrepolitikasi-300x267.jpg 300w\" sizes=\"(max-width: 512px) 100vw, 512px\" \/>\t\t\t\t\t\t\t\t\t\t\t\t\t\t\t<\/div>\n\t\t\t\t<\/div>\n\t\t\t\t\t<\/div>\n\t\t<\/div>\n\t\t\t\t\t<\/div>\n\t\t<\/section>\n\t\t\t\t<\/div>\n\t\t","protected":false},"excerpt":{"rendered":"<p>Hidro Yap\u0131 M\u00fchendislik, a\u015fa\u011f\u0131daki politikalar do\u011frultusunda hareket eder. Bu politikalar\u0131 t\u00fcm \u00e7al\u0131\u015fanlar\u0131na duyurur ve ilgili taraflara ula\u015f\u0131labilir k\u0131lar: Hidro Yap\u0131 M\u00fchendislik\u00a0y\u00fcr\u00fctt\u00fc\u011f\u00fc faaliyetlerin \u00e7evre \u00fczerindeki olumsuz etkilerini ortadan kald\u0131rmak veya azaltmak &#8230;<\/p>\n","protected":false},"author":1,"featured_media":0,"parent":0,"menu_order":0,"comment_status":"closed","ping_status":"closed","template":"template-fullwidth.php","meta":{"footnotes":""},"class_list":["post-1463","page","type-page","status-publish","hentry"],"_links":{"self":[{"href":"https:\/\/www.hidro.com.tr\/index.php?rest_route=\/wp\/v2\/pages\/1463","targetHints":{"allow":["GET"]}}],"collection":[{"href":"https:\/\/www.hidro.com.tr\/index.php?rest_route=\/wp\/v2\/pages"}],"about":[{"href":"https:\/\/www.hidro.com.tr\/index.php?rest_route=\/wp\/v2\/types\/page"}],"author":[{"embeddable":true,"href":"https:\/\/www.hidro.com.tr\/index.php?rest_route=\/wp\/v2\/users\/1"}],"replies":[{"embeddable":true,"href":"https:\/\/www.hidro.com.tr\/index.php?rest_route=%2Fwp%2Fv2%2Fcomments&post=1463"}],"version-history":[{"count":12,"href":"https:\/\/www.hidro.com.tr\/index.php?rest_route=\/wp\/v2\/pages\/1463\/revisions"}],"predecessor-version":[{"id":2036,"href":"https:\/\/www.hidro.com.tr\/index.php?rest_route=\/wp\/v2\/pages\/1463\/revisions\/2036"}],"wp:attachment":[{"href":"https:\/\/www.hidro.com.tr\/index.php?rest_route=%2Fwp%2Fv2%2Fmedia&parent=1463"}],"curies":[{"name":"wp","href":"https:\/\/api.w.org\/{rel}","templated":true}]}}