{"id":1480,"date":"2021-10-12T20:47:22","date_gmt":"2021-10-12T20:47:22","guid":{"rendered":"https:\/\/www.hidro.com.tr\/?page_id=1480"},"modified":"2021-12-07T00:33:43","modified_gmt":"2021-12-07T00:33:43","slug":"hizmetlerimiz","status":"publish","type":"page","link":"https:\/\/www.hidro.com.tr\/?page_id=1480","title":{"rendered":"Hizmetlerimiz"},"content":{"rendered":"\t\t<div data-elementor-type=\"wp-page\" data-elementor-id=\"1480\" class=\"elementor elementor-1480\">\n\t\t\t\t\t\t<section class=\"elementor-section elementor-top-section elementor-element elementor-element-df48121 elementor-section-boxed elementor-section-height-default elementor-section-height-default\" data-id=\"df48121\" data-element_type=\"section\" data-e-type=\"section\">\n\t\t\t\t\t\t<div class=\"elementor-container elementor-column-gap-default\">\n\t\t\t\t\t<div class=\"elementor-column elementor-col-100 elementor-top-column elementor-element elementor-element-43dc495\" data-id=\"43dc495\" data-element_type=\"column\" data-e-type=\"column\">\n\t\t\t<div class=\"elementor-widget-wrap elementor-element-populated\">\n\t\t\t\t\t\t<div class=\"elementor-element elementor-element-d5d78e5 elementor-widget elementor-widget-text-editor\" data-id=\"d5d78e5\" data-element_type=\"widget\" data-e-type=\"widget\" data-widget_type=\"text-editor.default\">\n\t\t\t\t<div class=\"elementor-widget-container\">\n\t\t\t\t\t\t\t\t\t<h5>Hidro Yap\u0131 m\u00fchendislik olarak m\u00fc\u015fteri memnuniyetini en \u00fcst d\u00fczeyde tutarak en son teknolojik geli\u015fmelerin \u0131\u015f\u0131\u011f\u0131nda modern ve kullan\u0131\u015fl\u0131 yap\u0131lara imza at\u0131lmaktad\u0131r.<\/h5>\t\t\t\t\t\t\t\t<\/div>\n\t\t\t\t<\/div>\n\t\t\t\t\t<\/div>\n\t\t<\/div>\n\t\t\t\t\t<\/div>\n\t\t<\/section>\n\t\t\t\t<section class=\"elementor-section elementor-top-section elementor-element elementor-element-d403cfb elementor-section-boxed elementor-section-height-default elementor-section-height-default\" data-id=\"d403cfb\" data-element_type=\"section\" data-e-type=\"section\">\n\t\t\t\t\t\t<div class=\"elementor-container elementor-column-gap-default\">\n\t\t\t\t\t<div class=\"elementor-column elementor-col-50 elementor-top-column elementor-element elementor-element-9b46623\" data-id=\"9b46623\" data-element_type=\"column\" data-e-type=\"column\">\n\t\t\t<div class=\"elementor-widget-wrap elementor-element-populated\">\n\t\t\t\t\t\t<div class=\"elementor-element elementor-element-a2b9667 elementor-widget elementor-widget-heading\" data-id=\"a2b9667\" data-element_type=\"widget\" data-e-type=\"widget\" data-widget_type=\"heading.default\">\n\t\t\t\t<div class=\"elementor-widget-container\">\n\t\t\t\t\t<h2 class=\"elementor-heading-title elementor-size-default\">M\u00dcHEND\u0130SL\u0130K<\/h2>\t\t\t\t<\/div>\n\t\t\t\t<\/div>\n\t\t\t\t\t<\/div>\n\t\t<\/div>\n\t\t\t\t<div class=\"elementor-column elementor-col-50 elementor-top-column elementor-element elementor-element-21c75e0\" data-id=\"21c75e0\" data-element_type=\"column\" data-e-type=\"column\">\n\t\t\t<div class=\"elementor-widget-wrap elementor-element-populated\">\n\t\t\t\t\t\t<div class=\"elementor-element elementor-element-7dedf30 elementor-widget elementor-widget-heading\" data-id=\"7dedf30\" data-element_type=\"widget\" data-e-type=\"widget\" data-widget_type=\"heading.default\">\n\t\t\t\t<div class=\"elementor-widget-container\">\n\t\t\t\t\t<h2 class=\"elementor-heading-title elementor-size-default\">TAAHH\u00dcT (UYGULAMA)<\/h2>\t\t\t\t<\/div>\n\t\t\t\t<\/div>\n\t\t\t\t\t<\/div>\n\t\t<\/div>\n\t\t\t\t\t<\/div>\n\t\t<\/section>\n\t\t\t\t<section class=\"elementor-section elementor-top-section elementor-element elementor-element-65496c9 elementor-section-boxed elementor-section-height-default elementor-section-height-default\" data-id=\"65496c9\" data-element_type=\"section\" data-e-type=\"section\">\n\t\t\t\t\t\t<div class=\"elementor-container elementor-column-gap-default\">\n\t\t\t\t\t<div class=\"elementor-column elementor-col-50 elementor-top-column elementor-element elementor-element-9142ba0\" data-id=\"9142ba0\" data-element_type=\"column\" data-e-type=\"column\">\n\t\t\t<div class=\"elementor-widget-wrap elementor-element-populated\">\n\t\t\t\t\t\t<div class=\"elementor-element elementor-element-30077e3 elementor-widget elementor-widget-image\" data-id=\"30077e3\" data-element_type=\"widget\" data-e-type=\"widget\" data-widget_type=\"image.default\">\n\t\t\t\t<div class=\"elementor-widget-container\">\n\t\t\t\t\t\t\t\t\t\t\t\t\t\t\t<img fetchpriority=\"high\" decoding=\"async\" width=\"800\" height=\"450\" src=\"https:\/\/www.hidro.com.tr\/wp-content\/uploads\/2021\/10\/mimar-hiz1-1024x576.jpg\" class=\"attachment-large size-large wp-image-1599\" alt=\"\" srcset=\"https:\/\/www.hidro.com.tr\/wp-content\/uploads\/2021\/10\/mimar-hiz1-1024x576.jpg 1024w, https:\/\/www.hidro.com.tr\/wp-content\/uploads\/2021\/10\/mimar-hiz1-300x169.jpg 300w, https:\/\/www.hidro.com.tr\/wp-content\/uploads\/2021\/10\/mimar-hiz1-768x432.jpg 768w, https:\/\/www.hidro.com.tr\/wp-content\/uploads\/2021\/10\/mimar-hiz1-1280x720.jpg 1280w, https:\/\/www.hidro.com.tr\/wp-content\/uploads\/2021\/10\/mimar-hiz1.jpg 1366w\" sizes=\"(max-width: 800px) 100vw, 800px\" \/>\t\t\t\t\t\t\t\t\t\t\t\t\t\t\t<\/div>\n\t\t\t\t<\/div>\n\t\t\t\t\t<\/div>\n\t\t<\/div>\n\t\t\t\t<div class=\"elementor-column elementor-col-50 elementor-top-column elementor-element elementor-element-b851be0\" data-id=\"b851be0\" data-element_type=\"column\" data-e-type=\"column\">\n\t\t\t<div class=\"elementor-widget-wrap elementor-element-populated\">\n\t\t\t\t\t\t<div class=\"elementor-element elementor-element-e8f23e8 elementor-widget elementor-widget-image\" data-id=\"e8f23e8\" data-element_type=\"widget\" data-e-type=\"widget\" data-widget_type=\"image.default\">\n\t\t\t\t<div class=\"elementor-widget-container\">\n\t\t\t\t\t\t\t\t\t\t\t\t\t\t\t<img decoding=\"async\" width=\"800\" height=\"450\" src=\"https:\/\/www.hidro.com.tr\/wp-content\/uploads\/2021\/12\/muh-hiz1-1024x576.jpg\" class=\"attachment-large size-large wp-image-2233\" alt=\"\" srcset=\"https:\/\/www.hidro.com.tr\/wp-content\/uploads\/2021\/12\/muh-hiz1-1024x576.jpg 1024w, https:\/\/www.hidro.com.tr\/wp-content\/uploads\/2021\/12\/muh-hiz1-300x169.jpg 300w, https:\/\/www.hidro.com.tr\/wp-content\/uploads\/2021\/12\/muh-hiz1-768x432.jpg 768w, https:\/\/www.hidro.com.tr\/wp-content\/uploads\/2021\/12\/muh-hiz1-1280x720.jpg 1280w, https:\/\/www.hidro.com.tr\/wp-content\/uploads\/2021\/12\/muh-hiz1.jpg 1366w\" sizes=\"(max-width: 800px) 100vw, 800px\" \/>\t\t\t\t\t\t\t\t\t\t\t\t\t\t\t<\/div>\n\t\t\t\t<\/div>\n\t\t\t\t\t<\/div>\n\t\t<\/div>\n\t\t\t\t\t<\/div>\n\t\t<\/section>\n\t\t\t\t<section class=\"elementor-section elementor-top-section elementor-element elementor-element-cf56b3d elementor-section-boxed elementor-section-height-default elementor-section-height-default\" data-id=\"cf56b3d\" data-element_type=\"section\" data-e-type=\"section\">\n\t\t\t\t\t\t<div class=\"elementor-container elementor-column-gap-default\">\n\t\t\t\t\t<div class=\"elementor-column elementor-col-50 elementor-top-column elementor-element elementor-element-489387a\" data-id=\"489387a\" data-element_type=\"column\" data-e-type=\"column\">\n\t\t\t<div class=\"elementor-widget-wrap elementor-element-populated\">\n\t\t\t\t\t\t<div class=\"elementor-element elementor-element-43290ee elementor-widget elementor-widget-text-editor\" data-id=\"43290ee\" data-element_type=\"widget\" data-e-type=\"widget\" data-widget_type=\"text-editor.default\">\n\t\t\t\t<div class=\"elementor-widget-container\">\n\t\t\t\t\t\t\t\t\t<ul><li><a href=\"https:\/\/www.hidro.com.tr\/?page_id=1512\">Proje Hizmetleri<\/a><\/li><li><a href=\"https:\/\/www.hidro.com.tr\/?page_id=1513\">Dan\u0131\u015fmanl\u0131k Hizmetleri<\/a><\/li><\/ul>\t\t\t\t\t\t\t\t<\/div>\n\t\t\t\t<\/div>\n\t\t\t\t\t<\/div>\n\t\t<\/div>\n\t\t\t\t<div class=\"elementor-column elementor-col-50 elementor-top-column elementor-element elementor-element-b691690\" data-id=\"b691690\" data-element_type=\"column\" data-e-type=\"column\">\n\t\t\t<div class=\"elementor-widget-wrap elementor-element-populated\">\n\t\t\t\t\t\t<div class=\"elementor-element elementor-element-7f88aa1 elementor-widget elementor-widget-text-editor\" data-id=\"7f88aa1\" data-element_type=\"widget\" data-e-type=\"widget\" data-widget_type=\"text-editor.default\">\n\t\t\t\t<div class=\"elementor-widget-container\">\n\t\t\t\t\t\t\t\t\t<ul><li><a href=\"https:\/\/www.hidro.com.tr\/?page_id=1519\">S\u0131hhi Tesisat Sistemleri<\/a><\/li><li><a href=\"https:\/\/www.hidro.com.tr\/?page_id=1520\">Is\u0131tma Sistemleri<\/a><\/li><li><a href=\"https:\/\/www.hidro.com.tr\/?page_id=1526\">So\u011futma Sistemleri<\/a><\/li><li><a href=\"https:\/\/www.hidro.com.tr\/?page_id=1527\">Do\u011falgaz Sistemleri<\/a><\/li><li><a href=\"https:\/\/www.hidro.com.tr\/?page_id=1533\">Is\u0131 Geri Kazan\u0131m Sistemleri<\/a><\/li><li><a href=\"https:\/\/www.hidro.com.tr\/?page_id=1537\">Havaland\u0131rma Sistemleri<\/a><\/li><li><a href=\"https:\/\/www.hidro.com.tr\/?page_id=1541\">Yang\u0131n S\u00f6nd\u00fcrme Sistemleri<\/a><\/li><li><a href=\"https:\/\/www.hidro.com.tr\/?page_id=1550\">G\u00fcne\u015f Enerjisi Sistemleri<\/a><\/li><li><a href=\"https:\/\/www.hidro.com.tr\/?page_id=1556\">Baca Sistemleri<\/a><\/li><li><a href=\"https:\/\/www.hidro.com.tr\/?page_id=1574\">Test ve Devreye Alma<\/a><\/li><\/ul>\t\t\t\t\t\t\t\t<\/div>\n\t\t\t\t<\/div>\n\t\t\t\t\t<\/div>\n\t\t<\/div>\n\t\t\t\t\t<\/div>\n\t\t<\/section>\n\t\t\t\t<\/div>\n\t\t","protected":false},"excerpt":{"rendered":"<p>Hidro Yap\u0131 m\u00fchendislik olarak m\u00fc\u015fteri memnuniyetini en \u00fcst d\u00fczeyde tutarak en son teknolojik geli\u015fmelerin \u0131\u015f\u0131\u011f\u0131nda modern ve kullan\u0131\u015fl\u0131 yap\u0131lara imza at\u0131lmaktad\u0131r. M\u00dcHEND\u0130SL\u0130K TAAHH\u00dcT (UYGULAMA) Proje Hizmetleri Dan\u0131\u015fmanl\u0131k Hizmetleri S\u0131hhi Tesisat &#8230;<\/p>\n","protected":false},"author":1,"featured_media":0,"parent":0,"menu_order":0,"comment_status":"closed","ping_status":"closed","template":"template-fullwidth.php","meta":{"footnotes":""},"class_list":["post-1480","page","type-page","status-publish","hentry"],"_links":{"self":[{"href":"https:\/\/www.hidro.com.tr\/index.php?rest_route=\/wp\/v2\/pages\/1480","targetHints":{"allow":["GET"]}}],"collection":[{"href":"https:\/\/www.hidro.com.tr\/index.php?rest_route=\/wp\/v2\/pages"}],"about":[{"href":"https:\/\/www.hidro.com.tr\/index.php?rest_route=\/wp\/v2\/types\/page"}],"author":[{"embeddable":true,"href":"https:\/\/www.hidro.com.tr\/index.php?rest_route=\/wp\/v2\/users\/1"}],"replies":[{"embeddable":true,"href":"https:\/\/www.hidro.com.tr\/index.php?rest_route=%2Fwp%2Fv2%2Fcomments&post=1480"}],"version-history":[{"count":28,"href":"https:\/\/www.hidro.com.tr\/index.php?rest_route=\/wp\/v2\/pages\/1480\/revisions"}],"predecessor-version":[{"id":2237,"href":"https:\/\/www.hidro.com.tr\/index.php?rest_route=\/wp\/v2\/pages\/1480\/revisions\/2237"}],"wp:attachment":[{"href":"https:\/\/www.hidro.com.tr\/index.php?rest_route=%2Fwp%2Fv2%2Fmedia&parent=1480"}],"curies":[{"name":"wp","href":"https:\/\/api.w.org\/{rel}","templated":true}]}}