{"id":1512,"date":"2021-10-12T21:11:12","date_gmt":"2021-10-12T21:11:12","guid":{"rendered":"https:\/\/www.hidro.com.tr\/?page_id=1512"},"modified":"2021-11-04T23:25:42","modified_gmt":"2021-11-04T23:25:42","slug":"proje-hizmetleri","status":"publish","type":"page","link":"https:\/\/www.hidro.com.tr\/?page_id=1512","title":{"rendered":"Proje Hizmetleri"},"content":{"rendered":"\t\t<div data-elementor-type=\"wp-page\" data-elementor-id=\"1512\" class=\"elementor elementor-1512\">\n\t\t\t\t\t\t<section class=\"elementor-section elementor-top-section elementor-element elementor-element-65e95fe elementor-section-boxed elementor-section-height-default elementor-section-height-default\" data-id=\"65e95fe\" data-element_type=\"section\" data-e-type=\"section\">\n\t\t\t\t\t\t<div class=\"elementor-container elementor-column-gap-default\">\n\t\t\t\t\t<div class=\"elementor-column elementor-col-50 elementor-top-column elementor-element elementor-element-545e45d\" data-id=\"545e45d\" data-element_type=\"column\" data-e-type=\"column\">\n\t\t\t<div class=\"elementor-widget-wrap elementor-element-populated\">\n\t\t\t\t\t\t<div class=\"elementor-element elementor-element-ce3ab83 elementor-widget elementor-widget-text-editor\" data-id=\"ce3ab83\" data-element_type=\"widget\" data-e-type=\"widget\" data-widget_type=\"text-editor.default\">\n\t\t\t\t<div class=\"elementor-widget-container\">\n\t\t\t\t\t\t\t\t\t<div id=\"col-793290184\" class=\"col medium-8 small-12 large-8\"><div class=\"col-inner\"><p class=\"p1\"><strong>Hidro Yap\u0131 M\u00fchendislik<\/strong>; Fabrika, Hastane, Al\u0131\u015fveri\u015f Merkezi, Okul ve Konutlar\u0131n S\u0131hhi tesisat, Is\u0131tma tesisat\u0131, So\u011futma tesisat\u0131, Yang\u0131n tesisat\u0131, Havuz tesisat\u0131, Do\u011falgaz tesisat\u0131, Bah\u00e7e sulama tesisat\u0131, Ya\u011fmur drenaj, Bina otomasyon proje \u00e7izim hizmeti vermektedir.<\/p><p class=\"p1\">Ayr\u0131ca \u00e7izilen projelerini yetkili kurumlara onaylat\u0131p kabul i\u015flemlerini yapt\u0131rarak tesisi teslim etmektedir.<\/p><p class=\"p2\">Sizde\u00a0<strong>Hidro Yap\u0131 M\u00fchendislik<\/strong>\u2019 den Proje hizmetimizi almak istiyorsan\u0131z bizimle ileti\u015fime ge\u00e7meniz yeterli.<\/p><\/div><\/div><p><strong>Proje \u00c7izim Hizmetlerimiz:<\/strong><\/p><ul><li>S\u0131hhi Tesisat Projelendirme<\/li><li>Is\u0131tma Tesisat\u0131 Projelendirme<\/li><li>So\u011futma Tesisat\u0131 Projelendirme<\/li><li>Yang\u0131n Tesisat\u0131 Projelendirme<\/li><li>Havuz Tesisat\u0131 Projelendirme<\/li><li>Do\u011falgaz Tesisat\u0131 Projelendirme<\/li><li>Bah\u00e7e Sulama Tesisat\u0131 Projelendirme<\/li><li>Ya\u011fmur Drenaj Projelendirme<\/li><li>Bina Otomasyon Projelendirme<\/li><\/ul>\t\t\t\t\t\t\t\t<\/div>\n\t\t\t\t<\/div>\n\t\t\t\t\t<\/div>\n\t\t<\/div>\n\t\t\t\t<div class=\"elementor-column elementor-col-50 elementor-top-column elementor-element elementor-element-337b280\" data-id=\"337b280\" data-element_type=\"column\" data-e-type=\"column\">\n\t\t\t<div class=\"elementor-widget-wrap elementor-element-populated\">\n\t\t\t\t\t\t<div class=\"elementor-element elementor-element-c9b1695 elementor-widget elementor-widget-image\" data-id=\"c9b1695\" data-element_type=\"widget\" data-e-type=\"widget\" data-widget_type=\"image.default\">\n\t\t\t\t<div class=\"elementor-widget-container\">\n\t\t\t\t\t\t\t\t\t\t\t\t\t\t\t<img fetchpriority=\"high\" decoding=\"async\" width=\"800\" height=\"464\" src=\"https:\/\/www.hidro.com.tr\/wp-content\/uploads\/2021\/10\/12.jpg\" class=\"attachment-large size-large wp-image-1641\" alt=\"\" srcset=\"https:\/\/www.hidro.com.tr\/wp-content\/uploads\/2021\/10\/12.jpg 846w, https:\/\/www.hidro.com.tr\/wp-content\/uploads\/2021\/10\/12-300x174.jpg 300w, https:\/\/www.hidro.com.tr\/wp-content\/uploads\/2021\/10\/12-768x446.jpg 768w\" sizes=\"(max-width: 800px) 100vw, 800px\" \/>\t\t\t\t\t\t\t\t\t\t\t\t\t\t\t<\/div>\n\t\t\t\t<\/div>\n\t\t\t\t\t<\/div>\n\t\t<\/div>\n\t\t\t\t\t<\/div>\n\t\t<\/section>\n\t\t\t\t<\/div>\n\t\t","protected":false},"excerpt":{"rendered":"<p>Hidro Yap\u0131 M\u00fchendislik; Fabrika, Hastane, Al\u0131\u015fveri\u015f Merkezi, Okul ve Konutlar\u0131n S\u0131hhi tesisat, Is\u0131tma tesisat\u0131, So\u011futma tesisat\u0131, Yang\u0131n tesisat\u0131, Havuz tesisat\u0131, Do\u011falgaz tesisat\u0131, Bah\u00e7e sulama tesisat\u0131, Ya\u011fmur drenaj, Bina otomasyon proje &#8230;<\/p>\n","protected":false},"author":1,"featured_media":0,"parent":0,"menu_order":0,"comment_status":"closed","ping_status":"closed","template":"template-fullwidth.php","meta":{"footnotes":""},"class_list":["post-1512","page","type-page","status-publish","hentry"],"_links":{"self":[{"href":"https:\/\/www.hidro.com.tr\/index.php?rest_route=\/wp\/v2\/pages\/1512","targetHints":{"allow":["GET"]}}],"collection":[{"href":"https:\/\/www.hidro.com.tr\/index.php?rest_route=\/wp\/v2\/pages"}],"about":[{"href":"https:\/\/www.hidro.com.tr\/index.php?rest_route=\/wp\/v2\/types\/page"}],"author":[{"embeddable":true,"href":"https:\/\/www.hidro.com.tr\/index.php?rest_route=\/wp\/v2\/users\/1"}],"replies":[{"embeddable":true,"href":"https:\/\/www.hidro.com.tr\/index.php?rest_route=%2Fwp%2Fv2%2Fcomments&post=1512"}],"version-history":[{"count":11,"href":"https:\/\/www.hidro.com.tr\/index.php?rest_route=\/wp\/v2\/pages\/1512\/revisions"}],"predecessor-version":[{"id":2149,"href":"https:\/\/www.hidro.com.tr\/index.php?rest_route=\/wp\/v2\/pages\/1512\/revisions\/2149"}],"wp:attachment":[{"href":"https:\/\/www.hidro.com.tr\/index.php?rest_route=%2Fwp%2Fv2%2Fmedia&parent=1512"}],"curies":[{"name":"wp","href":"https:\/\/api.w.org\/{rel}","templated":true}]}}