{"id":1513,"date":"2021-10-12T21:11:12","date_gmt":"2021-10-12T21:11:12","guid":{"rendered":"https:\/\/www.hidro.com.tr\/?page_id=1513"},"modified":"2021-11-04T23:27:24","modified_gmt":"2021-11-04T23:27:24","slug":"danismanlik-hizmetleri","status":"publish","type":"page","link":"https:\/\/www.hidro.com.tr\/?page_id=1513","title":{"rendered":"Dan\u0131\u015fmanl\u0131k Hizmetleri"},"content":{"rendered":"\t\t<div data-elementor-type=\"wp-page\" data-elementor-id=\"1513\" class=\"elementor elementor-1513\">\n\t\t\t\t\t\t<section class=\"elementor-section elementor-top-section elementor-element elementor-element-e73c414 elementor-section-boxed elementor-section-height-default elementor-section-height-default\" data-id=\"e73c414\" data-element_type=\"section\" data-e-type=\"section\">\n\t\t\t\t\t\t<div class=\"elementor-container elementor-column-gap-default\">\n\t\t\t\t\t<div class=\"elementor-column elementor-col-50 elementor-top-column elementor-element elementor-element-b608ba4\" data-id=\"b608ba4\" data-element_type=\"column\" data-e-type=\"column\">\n\t\t\t<div class=\"elementor-widget-wrap elementor-element-populated\">\n\t\t\t\t\t\t<div class=\"elementor-element elementor-element-6be7aa8 elementor-widget elementor-widget-text-editor\" data-id=\"6be7aa8\" data-element_type=\"widget\" data-e-type=\"widget\" data-widget_type=\"text-editor.default\">\n\t\t\t\t<div class=\"elementor-widget-container\">\n\t\t\t\t\t\t\t\t\t<div id=\"col-26317031\" class=\"col medium-8 small-12 large-8\"><div class=\"col-inner\"><p class=\"p1\"><strong>Hidro Yap\u0131 M\u00fchendislik<\/strong>\u00a0sekt\u00f6rde kazand\u0131\u011f\u0131 bilgi birikimleri ile siz de\u011ferli m\u00fc\u015fterilerimize dan\u0131\u015fmanl\u0131k hizmeti sunmaktad\u0131r.<\/p><\/div><p>Sizde\u00a0<strong>Hidro Yap\u0131 M\u00fchendislik<\/strong>\u2019 den Dan\u0131\u015fmanl\u0131k hizmetimizi almak istiyorsan\u0131z bizimle ileti\u015fime ge\u00e7meniz yeterli.<\/p><p class=\"p1\"><strong>Dan\u0131\u015fmanl\u0131k Hizmetlerimiz:<\/strong><\/p><\/div><ul><li>S\u0131hhi Tesisat Projelendirme<\/li><li>Is\u0131tma Tesisat\u0131 Projelendirme<\/li><li>So\u011futma Tesisat\u0131 Projelendirme<\/li><li>Yang\u0131n Tesisat\u0131 Projelendirme<\/li><li>Havuz Tesisat\u0131 Projelendirme<\/li><li>Do\u011falgaz Tesisat\u0131 Projelendirme<\/li><li>Bah\u00e7e Sulama Tesisat\u0131 Projelendirme<\/li><li>Ya\u011fmur Drenaj Projelendirme<\/li><li>Bina Otomasyon Projelendirme<\/li><\/ul>\t\t\t\t\t\t\t\t<\/div>\n\t\t\t\t<\/div>\n\t\t\t\t\t<\/div>\n\t\t<\/div>\n\t\t\t\t<div class=\"elementor-column elementor-col-50 elementor-top-column elementor-element elementor-element-c4ec132\" data-id=\"c4ec132\" data-element_type=\"column\" data-e-type=\"column\">\n\t\t\t<div class=\"elementor-widget-wrap elementor-element-populated\">\n\t\t\t\t\t\t<div class=\"elementor-element elementor-element-4505fe6 elementor-widget elementor-widget-image\" data-id=\"4505fe6\" data-element_type=\"widget\" data-e-type=\"widget\" data-widget_type=\"image.default\">\n\t\t\t\t<div class=\"elementor-widget-container\">\n\t\t\t\t\t\t\t\t\t\t\t\t\t\t\t<img fetchpriority=\"high\" decoding=\"async\" width=\"455\" height=\"375\" src=\"https:\/\/www.hidro.com.tr\/wp-content\/uploads\/2021\/10\/22cd0d_c1af23ffb7004d45a686c4dcbefc7c22.webp\" class=\"attachment-large size-large wp-image-2000\" alt=\"\" srcset=\"https:\/\/www.hidro.com.tr\/wp-content\/uploads\/2021\/10\/22cd0d_c1af23ffb7004d45a686c4dcbefc7c22.webp 455w, https:\/\/www.hidro.com.tr\/wp-content\/uploads\/2021\/10\/22cd0d_c1af23ffb7004d45a686c4dcbefc7c22-300x247.webp 300w\" sizes=\"(max-width: 455px) 100vw, 455px\" \/>\t\t\t\t\t\t\t\t\t\t\t\t\t\t\t<\/div>\n\t\t\t\t<\/div>\n\t\t\t\t\t<\/div>\n\t\t<\/div>\n\t\t\t\t\t<\/div>\n\t\t<\/section>\n\t\t\t\t<\/div>\n\t\t","protected":false},"excerpt":{"rendered":"<p>Hidro Yap\u0131 M\u00fchendislik\u00a0sekt\u00f6rde kazand\u0131\u011f\u0131 bilgi birikimleri ile siz de\u011ferli m\u00fc\u015fterilerimize dan\u0131\u015fmanl\u0131k hizmeti sunmaktad\u0131r. Sizde\u00a0Hidro Yap\u0131 M\u00fchendislik\u2019 den Dan\u0131\u015fmanl\u0131k hizmetimizi almak istiyorsan\u0131z bizimle ileti\u015fime ge\u00e7meniz yeterli. Dan\u0131\u015fmanl\u0131k Hizmetlerimiz: S\u0131hhi Tesisat Projelendirme &#8230;<\/p>\n","protected":false},"author":1,"featured_media":0,"parent":0,"menu_order":0,"comment_status":"closed","ping_status":"closed","template":"template-fullwidth.php","meta":{"footnotes":""},"class_list":["post-1513","page","type-page","status-publish","hentry"],"_links":{"self":[{"href":"https:\/\/www.hidro.com.tr\/index.php?rest_route=\/wp\/v2\/pages\/1513","targetHints":{"allow":["GET"]}}],"collection":[{"href":"https:\/\/www.hidro.com.tr\/index.php?rest_route=\/wp\/v2\/pages"}],"about":[{"href":"https:\/\/www.hidro.com.tr\/index.php?rest_route=\/wp\/v2\/types\/page"}],"author":[{"embeddable":true,"href":"https:\/\/www.hidro.com.tr\/index.php?rest_route=\/wp\/v2\/users\/1"}],"replies":[{"embeddable":true,"href":"https:\/\/www.hidro.com.tr\/index.php?rest_route=%2Fwp%2Fv2%2Fcomments&post=1513"}],"version-history":[{"count":19,"href":"https:\/\/www.hidro.com.tr\/index.php?rest_route=\/wp\/v2\/pages\/1513\/revisions"}],"predecessor-version":[{"id":2153,"href":"https:\/\/www.hidro.com.tr\/index.php?rest_route=\/wp\/v2\/pages\/1513\/revisions\/2153"}],"wp:attachment":[{"href":"https:\/\/www.hidro.com.tr\/index.php?rest_route=%2Fwp%2Fv2%2Fmedia&parent=1513"}],"curies":[{"name":"wp","href":"https:\/\/api.w.org\/{rel}","templated":true}]}}