{"id":1519,"date":"2021-10-12T21:12:03","date_gmt":"2021-10-12T21:12:03","guid":{"rendered":"https:\/\/www.hidro.com.tr\/?page_id=1519"},"modified":"2021-11-04T22:09:21","modified_gmt":"2021-11-04T22:09:21","slug":"sihhi-tesisat-sistemleri","status":"publish","type":"page","link":"https:\/\/www.hidro.com.tr\/?page_id=1519","title":{"rendered":"S\u0131hhi Tesisat Sistemleri"},"content":{"rendered":"\t\t<div data-elementor-type=\"wp-page\" data-elementor-id=\"1519\" class=\"elementor elementor-1519\">\n\t\t\t\t\t\t<section class=\"elementor-section elementor-top-section elementor-element elementor-element-0eb9156 elementor-section-boxed elementor-section-height-default elementor-section-height-default\" data-id=\"0eb9156\" data-element_type=\"section\" data-e-type=\"section\">\n\t\t\t\t\t\t<div class=\"elementor-container elementor-column-gap-default\">\n\t\t\t\t\t<div class=\"elementor-column elementor-col-50 elementor-top-column elementor-element elementor-element-c7bf106\" data-id=\"c7bf106\" data-element_type=\"column\" data-e-type=\"column\">\n\t\t\t<div class=\"elementor-widget-wrap elementor-element-populated\">\n\t\t\t\t\t\t<div class=\"elementor-element elementor-element-c923b8e elementor-widget elementor-widget-text-editor\" data-id=\"c923b8e\" data-element_type=\"widget\" data-e-type=\"widget\" data-widget_type=\"text-editor.default\">\n\t\t\t\t<div class=\"elementor-widget-container\">\n\t\t\t\t\t\t\t\t\t<p><strong>Hidro Yap\u0131 M\u00fchendislik<\/strong>\u00a0sekt\u00f6rde kazand\u0131\u011f\u0131 bilgi birikimleri ile siz de\u011ferli m\u00fc\u015fterilerimize anahtar teslimi m\u00fchendislik hizmetleri sunmaktad\u0131r.<\/p><p>Binalar\u0131n\u0131z\u0131n olmazsa olmazlar\u0131 olan s\u0131hhi tesisat sistemleri i\u00e7in konusunda uzman kadromuzla hizmetinizdeyiz.<\/p><p><strong>S\u0131hhi Tesisat Sistemleri:<\/strong><\/p><ul><li>At\u0131k Su Tesisat Sistemleri<\/li><li>Temiz Su Tesisat Sistemleri (S\u0131cak \/ So\u011fuk)<\/li><li>Ya\u011fmur Su Tesisat Sistemleri<\/li><li>Ya\u011fmur Suyu Toplama Sistemleri<\/li><li>Ar\u0131tma Sistemleri<\/li><li>Hidrofor Temini ve Montaj\u0131<\/li><li>Hamam ve Jakuzi Tesisatlar\u0131<\/li><li>Vitrifiye Tesisat Malzemeleri<\/li><\/ul><p>Konular\u0131nda hizmet vermekteyiz.<\/p><p>Sizde\u00a0<strong>Hidro Yap\u0131 M\u00fchendislik<\/strong>\u2019 den M\u00fchendislik hizmetimizi almak istiyorsan\u0131z bizimle ileti\u015fime ge\u00e7meniz yeterli.<\/p>\t\t\t\t\t\t\t\t<\/div>\n\t\t\t\t<\/div>\n\t\t\t\t\t<\/div>\n\t\t<\/div>\n\t\t\t\t<div class=\"elementor-column elementor-col-50 elementor-top-column elementor-element elementor-element-b5321b1\" data-id=\"b5321b1\" data-element_type=\"column\" data-e-type=\"column\">\n\t\t\t<div class=\"elementor-widget-wrap elementor-element-populated\">\n\t\t\t\t\t\t<div class=\"elementor-element elementor-element-9d1d78b elementor-widget elementor-widget-image\" data-id=\"9d1d78b\" data-element_type=\"widget\" data-e-type=\"widget\" data-widget_type=\"image.default\">\n\t\t\t\t<div class=\"elementor-widget-container\">\n\t\t\t\t\t\t\t\t\t\t\t\t\t\t\t<img fetchpriority=\"high\" decoding=\"async\" width=\"800\" height=\"603\" src=\"https:\/\/www.hidro.com.tr\/wp-content\/uploads\/2021\/11\/tesisat_altyapi-1024x772.jpg\" class=\"attachment-large size-large wp-image-2105\" alt=\"\" srcset=\"https:\/\/www.hidro.com.tr\/wp-content\/uploads\/2021\/11\/tesisat_altyapi-1024x772.jpg 1024w, https:\/\/www.hidro.com.tr\/wp-content\/uploads\/2021\/11\/tesisat_altyapi-300x226.jpg 300w, https:\/\/www.hidro.com.tr\/wp-content\/uploads\/2021\/11\/tesisat_altyapi-768x579.jpg 768w, https:\/\/www.hidro.com.tr\/wp-content\/uploads\/2021\/11\/tesisat_altyapi.jpg 1039w\" sizes=\"(max-width: 800px) 100vw, 800px\" \/>\t\t\t\t\t\t\t\t\t\t\t\t\t\t\t<\/div>\n\t\t\t\t<\/div>\n\t\t\t\t\t<\/div>\n\t\t<\/div>\n\t\t\t\t\t<\/div>\n\t\t<\/section>\n\t\t\t\t<\/div>\n\t\t","protected":false},"excerpt":{"rendered":"<p>Hidro Yap\u0131 M\u00fchendislik\u00a0sekt\u00f6rde kazand\u0131\u011f\u0131 bilgi birikimleri ile siz de\u011ferli m\u00fc\u015fterilerimize anahtar teslimi m\u00fchendislik hizmetleri sunmaktad\u0131r. Binalar\u0131n\u0131z\u0131n olmazsa olmazlar\u0131 olan s\u0131hhi tesisat sistemleri i\u00e7in konusunda uzman kadromuzla hizmetinizdeyiz. S\u0131hhi Tesisat Sistemleri: &#8230;<\/p>\n","protected":false},"author":1,"featured_media":0,"parent":0,"menu_order":0,"comment_status":"closed","ping_status":"closed","template":"template-fullwidth.php","meta":{"footnotes":""},"class_list":["post-1519","page","type-page","status-publish","hentry"],"_links":{"self":[{"href":"https:\/\/www.hidro.com.tr\/index.php?rest_route=\/wp\/v2\/pages\/1519","targetHints":{"allow":["GET"]}}],"collection":[{"href":"https:\/\/www.hidro.com.tr\/index.php?rest_route=\/wp\/v2\/pages"}],"about":[{"href":"https:\/\/www.hidro.com.tr\/index.php?rest_route=\/wp\/v2\/types\/page"}],"author":[{"embeddable":true,"href":"https:\/\/www.hidro.com.tr\/index.php?rest_route=\/wp\/v2\/users\/1"}],"replies":[{"embeddable":true,"href":"https:\/\/www.hidro.com.tr\/index.php?rest_route=%2Fwp%2Fv2%2Fcomments&post=1519"}],"version-history":[{"count":14,"href":"https:\/\/www.hidro.com.tr\/index.php?rest_route=\/wp\/v2\/pages\/1519\/revisions"}],"predecessor-version":[{"id":2117,"href":"https:\/\/www.hidro.com.tr\/index.php?rest_route=\/wp\/v2\/pages\/1519\/revisions\/2117"}],"wp:attachment":[{"href":"https:\/\/www.hidro.com.tr\/index.php?rest_route=%2Fwp%2Fv2%2Fmedia&parent=1519"}],"curies":[{"name":"wp","href":"https:\/\/api.w.org\/{rel}","templated":true}]}}