{"id":1520,"date":"2021-10-12T21:12:03","date_gmt":"2021-10-12T21:12:03","guid":{"rendered":"https:\/\/www.hidro.com.tr\/?page_id=1520"},"modified":"2021-11-04T22:18:03","modified_gmt":"2021-11-04T22:18:03","slug":"isitma-sistemleri","status":"publish","type":"page","link":"https:\/\/www.hidro.com.tr\/?page_id=1520","title":{"rendered":"Is\u0131tma Sistemleri"},"content":{"rendered":"\t\t<div data-elementor-type=\"wp-page\" data-elementor-id=\"1520\" class=\"elementor elementor-1520\">\n\t\t\t\t\t\t<section class=\"elementor-section elementor-top-section elementor-element elementor-element-38d002a elementor-section-boxed elementor-section-height-default elementor-section-height-default\" data-id=\"38d002a\" data-element_type=\"section\" data-e-type=\"section\">\n\t\t\t\t\t\t<div class=\"elementor-container elementor-column-gap-default\">\n\t\t\t\t\t<div class=\"elementor-column elementor-col-50 elementor-top-column elementor-element elementor-element-49f2129\" data-id=\"49f2129\" data-element_type=\"column\" data-e-type=\"column\">\n\t\t\t<div class=\"elementor-widget-wrap elementor-element-populated\">\n\t\t\t\t\t\t<div class=\"elementor-element elementor-element-2e8392c elementor-widget elementor-widget-text-editor\" data-id=\"2e8392c\" data-element_type=\"widget\" data-e-type=\"widget\" data-widget_type=\"text-editor.default\">\n\t\t\t\t<div class=\"elementor-widget-container\">\n\t\t\t\t\t\t\t\t\t<p><strong>Hidro Yap\u0131 M\u00fchendislik<\/strong>\u00a0sekt\u00f6rde kazand\u0131\u011f\u0131 bilgi birikimleri ile siz de\u011ferli m\u00fc\u015fterilerimize anahtar teslimi m\u00fchendislik hizmetleri sunmaktad\u0131r.<\/p><p>\u0130nsano\u011flunun var oldu\u011fu g\u00fcnden bu yana \u0131s\u0131nma ihtiyac\u0131 hep var olmu\u015ftur. Y\u00fczy\u0131llar boyunca \u0131s\u0131nma ihtiyac\u0131n\u0131 insano\u011flu farkl\u0131 \u015fekillerde kar\u015f\u0131lam\u0131\u015ft\u0131r. G\u00fcn\u00fcm\u00fczde ise hem verimli ve konforlu \u0131s\u0131nma isterken hem de ekonomik olarak bu \u0131s\u0131nma ihtiyac\u0131n\u0131 kar\u015f\u0131lamam\u0131z gerekmektedir.<\/p><p>Bunun i\u00e7in konusunda uzman ve tecr\u00fcbeli kadromuz ile en son teknolojiyi sizlerin hizmetinize sunmaktay\u0131z.<\/p><p><strong>Is\u0131tma Sistemleri:<\/strong><\/p><ul><li>Bireysel Is\u0131tma Sistemleri<\/li><li>Merkezi Is\u0131tma Sistemleri<\/li><li>Buhar Tesisatlar\u0131<\/li><li>K\u0131zg\u0131n Ya\u011f ve K\u0131zg\u0131n Su Tesisatlar\u0131<\/li><li>Yerden Is\u0131tma Sistemleri<\/li><li>G\u00fcne\u015f Enerjisi Sistemleri<\/li><li>Montaj, test ve devreye alma<\/li><\/ul><p>Konular\u0131nda hizmet vermekteyiz.<\/p><p>Sizde\u00a0<strong>Hidro Yap\u0131 M\u00fchendislik<\/strong>\u2019 den M\u00fchendislik hizmetimizi almak istiyorsan\u0131z bizimle ileti\u015fime ge\u00e7meniz yeterli.<\/p>\t\t\t\t\t\t\t\t<\/div>\n\t\t\t\t<\/div>\n\t\t\t\t\t<\/div>\n\t\t<\/div>\n\t\t\t\t<div class=\"elementor-column elementor-col-50 elementor-top-column elementor-element elementor-element-4d513ca\" data-id=\"4d513ca\" data-element_type=\"column\" data-e-type=\"column\">\n\t\t\t<div class=\"elementor-widget-wrap elementor-element-populated\">\n\t\t\t\t\t\t<div class=\"elementor-element elementor-element-62362ed elementor-widget elementor-widget-image\" data-id=\"62362ed\" data-element_type=\"widget\" data-e-type=\"widget\" data-widget_type=\"image.default\">\n\t\t\t\t<div class=\"elementor-widget-container\">\n\t\t\t\t\t\t\t\t\t\t\t\t\t\t\t<img fetchpriority=\"high\" decoding=\"async\" width=\"533\" height=\"400\" src=\"https:\/\/www.hidro.com.tr\/wp-content\/uploads\/2021\/11\/Merkezi-isitma-sistemleri.jpg\" class=\"attachment-large size-large wp-image-2119\" alt=\"\" srcset=\"https:\/\/www.hidro.com.tr\/wp-content\/uploads\/2021\/11\/Merkezi-isitma-sistemleri.jpg 533w, https:\/\/www.hidro.com.tr\/wp-content\/uploads\/2021\/11\/Merkezi-isitma-sistemleri-300x225.jpg 300w\" sizes=\"(max-width: 533px) 100vw, 533px\" \/>\t\t\t\t\t\t\t\t\t\t\t\t\t\t\t<\/div>\n\t\t\t\t<\/div>\n\t\t\t\t\t<\/div>\n\t\t<\/div>\n\t\t\t\t\t<\/div>\n\t\t<\/section>\n\t\t\t\t<\/div>\n\t\t","protected":false},"excerpt":{"rendered":"<p>Hidro Yap\u0131 M\u00fchendislik\u00a0sekt\u00f6rde kazand\u0131\u011f\u0131 bilgi birikimleri ile siz de\u011ferli m\u00fc\u015fterilerimize anahtar teslimi m\u00fchendislik hizmetleri sunmaktad\u0131r. \u0130nsano\u011flunun var oldu\u011fu g\u00fcnden bu yana \u0131s\u0131nma ihtiyac\u0131 hep var olmu\u015ftur. Y\u00fczy\u0131llar boyunca \u0131s\u0131nma ihtiyac\u0131n\u0131 &#8230;<\/p>\n","protected":false},"author":1,"featured_media":0,"parent":0,"menu_order":0,"comment_status":"closed","ping_status":"closed","template":"template-fullwidth.php","meta":{"footnotes":""},"class_list":["post-1520","page","type-page","status-publish","hentry"],"_links":{"self":[{"href":"https:\/\/www.hidro.com.tr\/index.php?rest_route=\/wp\/v2\/pages\/1520","targetHints":{"allow":["GET"]}}],"collection":[{"href":"https:\/\/www.hidro.com.tr\/index.php?rest_route=\/wp\/v2\/pages"}],"about":[{"href":"https:\/\/www.hidro.com.tr\/index.php?rest_route=\/wp\/v2\/types\/page"}],"author":[{"embeddable":true,"href":"https:\/\/www.hidro.com.tr\/index.php?rest_route=\/wp\/v2\/users\/1"}],"replies":[{"embeddable":true,"href":"https:\/\/www.hidro.com.tr\/index.php?rest_route=%2Fwp%2Fv2%2Fcomments&post=1520"}],"version-history":[{"count":10,"href":"https:\/\/www.hidro.com.tr\/index.php?rest_route=\/wp\/v2\/pages\/1520\/revisions"}],"predecessor-version":[{"id":2126,"href":"https:\/\/www.hidro.com.tr\/index.php?rest_route=\/wp\/v2\/pages\/1520\/revisions\/2126"}],"wp:attachment":[{"href":"https:\/\/www.hidro.com.tr\/index.php?rest_route=%2Fwp%2Fv2%2Fmedia&parent=1520"}],"curies":[{"name":"wp","href":"https:\/\/api.w.org\/{rel}","templated":true}]}}