{"id":1526,"date":"2021-10-12T21:13:44","date_gmt":"2021-10-12T21:13:44","guid":{"rendered":"https:\/\/www.hidro.com.tr\/?page_id=1526"},"modified":"2021-11-04T22:56:43","modified_gmt":"2021-11-04T22:56:43","slug":"sogutma-sistemleri","status":"publish","type":"page","link":"https:\/\/www.hidro.com.tr\/?page_id=1526","title":{"rendered":"So\u011futma Sistemleri"},"content":{"rendered":"\t\t<div data-elementor-type=\"wp-page\" data-elementor-id=\"1526\" class=\"elementor elementor-1526\">\n\t\t\t\t\t\t<section class=\"elementor-section elementor-top-section elementor-element elementor-element-5d1e93f elementor-section-boxed elementor-section-height-default elementor-section-height-default\" data-id=\"5d1e93f\" data-element_type=\"section\" data-e-type=\"section\">\n\t\t\t\t\t\t<div class=\"elementor-container elementor-column-gap-default\">\n\t\t\t\t\t<div class=\"elementor-column elementor-col-50 elementor-top-column elementor-element elementor-element-dc0ca93\" data-id=\"dc0ca93\" data-element_type=\"column\" data-e-type=\"column\">\n\t\t\t<div class=\"elementor-widget-wrap elementor-element-populated\">\n\t\t\t\t\t\t<div class=\"elementor-element elementor-element-f6424ab elementor-widget elementor-widget-text-editor\" data-id=\"f6424ab\" data-element_type=\"widget\" data-e-type=\"widget\" data-widget_type=\"text-editor.default\">\n\t\t\t\t<div class=\"elementor-widget-container\">\n\t\t\t\t\t\t\t\t\t<p><strong>Hidro Yap\u0131 M\u00fchendislik<\/strong>\u00a0sekt\u00f6rde kazand\u0131\u011f\u0131 bilgi birikimleri ile siz de\u011ferli m\u00fc\u015fterilerimize anahtar teslimi m\u00fchendislik hizmetleri sunmaktad\u0131r.<\/p><p>\u0130nsano\u011flunun var oldu\u011fu g\u00fcnden bu yana \u0131s\u0131nma ihtiyac\u0131 oldu\u011fu gibi \u015fehirle\u015fme ile birlikte so\u011futma ihtiyac\u0131 da hep var olmu\u015ftur. Ge\u00e7mi\u015fte l\u00fcks olarak sunulan so\u011futma sistemleri, art\u0131k mek\u00e2nlar\u0131n olmazsa olmazlar\u0131 aras\u0131ndad\u0131r. \u015eehirle\u015fme ile birlikte \u0131s\u0131nan d\u00fcnyada ve mek\u00e2nlarda so\u011futma ihtiyac\u0131 giderek artmaktad\u0131r.<\/p><p>Bunun i\u00e7in konusunda uzman ve tecr\u00fcbeli kadromuz ile en son teknolojiyi sizlerin hizmetinize sunmaktay\u0131z.<\/p><p><strong>Is\u0131tma Sistemleri:<\/strong><\/p><ul><li>Klima Santralleri<\/li><li>VRF Sistemleri<\/li><li>So\u011futma Gruplar\u0131<\/li><li>Fan-Coil Sistemleri<\/li><li>Nemlendiriciler<\/li><li>Nem Alma \u00dcniteleri<\/li><li>Is\u0131 Geri Kazan\u0131m \u00dcniteleri<\/li><li>Otomatik Kontrol<\/li><li>So\u011fuk Oda Uygulamalar\u0131<\/li><li>Projelendirme<\/li><li>Montaj, test ve devreye alma<\/li><\/ul><p>Konular\u0131nda hizmet vermekteyiz.<\/p><p>Sizde\u00a0<strong>Hidro Yap\u0131 M\u00fchendislik<\/strong>\u2019 den M\u00fchendislik hizmetimizi almak istiyorsan\u0131z bizimle ileti\u015fime ge\u00e7meniz yeterli.<\/p>\t\t\t\t\t\t\t\t<\/div>\n\t\t\t\t<\/div>\n\t\t\t\t\t<\/div>\n\t\t<\/div>\n\t\t\t\t<div class=\"elementor-column elementor-col-50 elementor-top-column elementor-element elementor-element-7a57416\" data-id=\"7a57416\" data-element_type=\"column\" data-e-type=\"column\">\n\t\t\t<div class=\"elementor-widget-wrap elementor-element-populated\">\n\t\t\t\t\t\t<div class=\"elementor-element elementor-element-9d4c0ea elementor-widget elementor-widget-image\" data-id=\"9d4c0ea\" data-element_type=\"widget\" data-e-type=\"widget\" data-widget_type=\"image.default\">\n\t\t\t\t<div class=\"elementor-widget-container\">\n\t\t\t\t\t\t\t\t\t\t\t\t\t\t\t<img fetchpriority=\"high\" decoding=\"async\" width=\"770\" height=\"310\" src=\"https:\/\/www.hidro.com.tr\/wp-content\/uploads\/2021\/11\/sogutma-sistemleri-uzmani-myk-belgesi.jpg\" class=\"attachment-large size-large wp-image-2130\" alt=\"\" srcset=\"https:\/\/www.hidro.com.tr\/wp-content\/uploads\/2021\/11\/sogutma-sistemleri-uzmani-myk-belgesi.jpg 770w, https:\/\/www.hidro.com.tr\/wp-content\/uploads\/2021\/11\/sogutma-sistemleri-uzmani-myk-belgesi-300x121.jpg 300w, https:\/\/www.hidro.com.tr\/wp-content\/uploads\/2021\/11\/sogutma-sistemleri-uzmani-myk-belgesi-768x309.jpg 768w, https:\/\/www.hidro.com.tr\/wp-content\/uploads\/2021\/11\/sogutma-sistemleri-uzmani-myk-belgesi-150x59.jpg 150w\" sizes=\"(max-width: 770px) 100vw, 770px\" \/>\t\t\t\t\t\t\t\t\t\t\t\t\t\t\t<\/div>\n\t\t\t\t<\/div>\n\t\t\t\t\t<\/div>\n\t\t<\/div>\n\t\t\t\t\t<\/div>\n\t\t<\/section>\n\t\t\t\t<\/div>\n\t\t","protected":false},"excerpt":{"rendered":"<p>Hidro Yap\u0131 M\u00fchendislik\u00a0sekt\u00f6rde kazand\u0131\u011f\u0131 bilgi birikimleri ile siz de\u011ferli m\u00fc\u015fterilerimize anahtar teslimi m\u00fchendislik hizmetleri sunmaktad\u0131r. \u0130nsano\u011flunun var oldu\u011fu g\u00fcnden bu yana \u0131s\u0131nma ihtiyac\u0131 oldu\u011fu gibi \u015fehirle\u015fme ile birlikte so\u011futma ihtiyac\u0131 &#8230;<\/p>\n","protected":false},"author":1,"featured_media":0,"parent":0,"menu_order":0,"comment_status":"closed","ping_status":"closed","template":"template-fullwidth.php","meta":{"footnotes":""},"class_list":["post-1526","page","type-page","status-publish","hentry"],"_links":{"self":[{"href":"https:\/\/www.hidro.com.tr\/index.php?rest_route=\/wp\/v2\/pages\/1526","targetHints":{"allow":["GET"]}}],"collection":[{"href":"https:\/\/www.hidro.com.tr\/index.php?rest_route=\/wp\/v2\/pages"}],"about":[{"href":"https:\/\/www.hidro.com.tr\/index.php?rest_route=\/wp\/v2\/types\/page"}],"author":[{"embeddable":true,"href":"https:\/\/www.hidro.com.tr\/index.php?rest_route=\/wp\/v2\/users\/1"}],"replies":[{"embeddable":true,"href":"https:\/\/www.hidro.com.tr\/index.php?rest_route=%2Fwp%2Fv2%2Fcomments&post=1526"}],"version-history":[{"count":14,"href":"https:\/\/www.hidro.com.tr\/index.php?rest_route=\/wp\/v2\/pages\/1526\/revisions"}],"predecessor-version":[{"id":2138,"href":"https:\/\/www.hidro.com.tr\/index.php?rest_route=\/wp\/v2\/pages\/1526\/revisions\/2138"}],"wp:attachment":[{"href":"https:\/\/www.hidro.com.tr\/index.php?rest_route=%2Fwp%2Fv2%2Fmedia&parent=1526"}],"curies":[{"name":"wp","href":"https:\/\/api.w.org\/{rel}","templated":true}]}}