{"id":1527,"date":"2021-10-12T21:13:44","date_gmt":"2021-10-12T21:13:44","guid":{"rendered":"https:\/\/www.hidro.com.tr\/?page_id=1527"},"modified":"2021-11-04T23:28:52","modified_gmt":"2021-11-04T23:28:52","slug":"dogalgaz-sistemleri","status":"publish","type":"page","link":"https:\/\/www.hidro.com.tr\/?page_id=1527","title":{"rendered":"Do\u011falgaz Sistemleri"},"content":{"rendered":"\t\t<div data-elementor-type=\"wp-page\" data-elementor-id=\"1527\" class=\"elementor elementor-1527\">\n\t\t\t\t\t\t<section class=\"elementor-section elementor-top-section elementor-element elementor-element-77430d2 elementor-section-boxed elementor-section-height-default elementor-section-height-default\" data-id=\"77430d2\" data-element_type=\"section\" data-e-type=\"section\">\n\t\t\t\t\t\t<div class=\"elementor-container elementor-column-gap-default\">\n\t\t\t\t\t<div class=\"elementor-column elementor-col-50 elementor-top-column elementor-element elementor-element-908691c\" data-id=\"908691c\" data-element_type=\"column\" data-e-type=\"column\">\n\t\t\t<div class=\"elementor-widget-wrap elementor-element-populated\">\n\t\t\t\t\t\t<div class=\"elementor-element elementor-element-08d45db elementor-widget elementor-widget-text-editor\" data-id=\"08d45db\" data-element_type=\"widget\" data-e-type=\"widget\" data-widget_type=\"text-editor.default\">\n\t\t\t\t<div class=\"elementor-widget-container\">\n\t\t\t\t\t\t\t\t\t<p><strong>Hidro Yap\u0131 M\u00fchendislik<\/strong>\u00a0sekt\u00f6rde kazand\u0131\u011f\u0131 bilgi birikimleri ile siz de\u011ferli m\u00fc\u015fterilerimize anahtar teslimi m\u00fchendislik hizmetleri sunmaktad\u0131r.<\/p><p>\u0130nsano\u011flu var oldu\u011fu g\u00fcnden bu yana \u0131s\u0131nma ihtiyac\u0131n\u0131 farkl\u0131 y\u00f6ntemlerle sa\u011flamaktad\u0131r. \u00dclkemizde k\u00f6m\u00fcrden sonra do\u011falgaz ile temiz ve ekonomik enerji kayna\u011f\u0131na kavu\u015ftu. Do\u011falgaz, gerek konutlar\u0131n gerek sanayi tesislerinin \u0131s\u0131nma, enerji ve \u00fcretim maliyetlerine olumlu katk\u0131lar sa\u011flam\u0131\u015ft\u0131r.<\/p><p><strong>Hidro Yap\u0131 M\u00fchendislik,<\/strong> ihtiyac\u0131n\u0131z olan do\u011falgaz ve LPG sistemleri konusunda uzman m\u00fchendis ve saha ekipleriyle sizlere \u00e7\u00f6z\u00fcmler \u00fcretmekteyiz.<\/p><p>Bunun i\u00e7in konusunda uzman ve tecr\u00fcbeli kadromuz ile en son teknolojiyi sizlerin hizmetinize sunmaktay\u0131z.<\/p><p><strong>Do\u011falgaz Sistemleri:<\/strong><\/p><ul><li>Al\u00e7ak ve Y\u00fcksek Bas\u0131n\u00e7 Hatlar\u0131<\/li><li>\u015eehir \u015eebeke Da\u011f\u0131t\u0131m Hatlar\u0131<\/li><li>\u00c7elik Ve Polietilen Servis Hatlar\u0131<\/li><li>End\u00fcstriyel D\u00f6n\u00fc\u015f\u00fcmler<\/li><li>Proje Yap\u0131m\u0131 ve Resmi Onaylar\u0131n Al\u0131nmas\u0131<\/li><li>Dan\u0131\u015fmanl\u0131k<\/li><li>Et\u00fct<\/li><li>Taahh\u00fct<\/li><\/ul><p>Konular\u0131nda hizmet vermekteyiz.<\/p><p>Sizde\u00a0<strong>Hidro Yap\u0131 M\u00fchendislik<\/strong>\u2019 den M\u00fchendislik hizmetimizi almak istiyorsan\u0131z bizimle ileti\u015fime ge\u00e7meniz yeterli.<\/p>\t\t\t\t\t\t\t\t<\/div>\n\t\t\t\t<\/div>\n\t\t\t\t\t<\/div>\n\t\t<\/div>\n\t\t\t\t<div class=\"elementor-column elementor-col-50 elementor-top-column elementor-element elementor-element-8333ded\" data-id=\"8333ded\" data-element_type=\"column\" data-e-type=\"column\">\n\t\t\t<div class=\"elementor-widget-wrap elementor-element-populated\">\n\t\t\t\t\t\t<div class=\"elementor-element elementor-element-9328b6c elementor-widget elementor-widget-image\" data-id=\"9328b6c\" data-element_type=\"widget\" data-e-type=\"widget\" data-widget_type=\"image.default\">\n\t\t\t\t<div class=\"elementor-widget-container\">\n\t\t\t\t\t\t\t\t\t\t\t\t\t\t\t<img fetchpriority=\"high\" decoding=\"async\" width=\"533\" height=\"400\" src=\"https:\/\/www.hidro.com.tr\/wp-content\/uploads\/2021\/11\/Merkezi-isitma-sistemleri.jpg\" class=\"attachment-large size-large wp-image-2119\" alt=\"\" srcset=\"https:\/\/www.hidro.com.tr\/wp-content\/uploads\/2021\/11\/Merkezi-isitma-sistemleri.jpg 533w, https:\/\/www.hidro.com.tr\/wp-content\/uploads\/2021\/11\/Merkezi-isitma-sistemleri-300x225.jpg 300w\" sizes=\"(max-width: 533px) 100vw, 533px\" \/>\t\t\t\t\t\t\t\t\t\t\t\t\t\t\t<\/div>\n\t\t\t\t<\/div>\n\t\t\t\t\t<\/div>\n\t\t<\/div>\n\t\t\t\t\t<\/div>\n\t\t<\/section>\n\t\t\t\t<\/div>\n\t\t","protected":false},"excerpt":{"rendered":"<p>Hidro Yap\u0131 M\u00fchendislik\u00a0sekt\u00f6rde kazand\u0131\u011f\u0131 bilgi birikimleri ile siz de\u011ferli m\u00fc\u015fterilerimize anahtar teslimi m\u00fchendislik hizmetleri sunmaktad\u0131r. \u0130nsano\u011flu var oldu\u011fu g\u00fcnden bu yana \u0131s\u0131nma ihtiyac\u0131n\u0131 farkl\u0131 y\u00f6ntemlerle sa\u011flamaktad\u0131r. \u00dclkemizde k\u00f6m\u00fcrden sonra do\u011falgaz &#8230;<\/p>\n","protected":false},"author":1,"featured_media":0,"parent":0,"menu_order":0,"comment_status":"closed","ping_status":"closed","template":"template-fullwidth.php","meta":{"footnotes":""},"class_list":["post-1527","page","type-page","status-publish","hentry"],"_links":{"self":[{"href":"https:\/\/www.hidro.com.tr\/index.php?rest_route=\/wp\/v2\/pages\/1527","targetHints":{"allow":["GET"]}}],"collection":[{"href":"https:\/\/www.hidro.com.tr\/index.php?rest_route=\/wp\/v2\/pages"}],"about":[{"href":"https:\/\/www.hidro.com.tr\/index.php?rest_route=\/wp\/v2\/types\/page"}],"author":[{"embeddable":true,"href":"https:\/\/www.hidro.com.tr\/index.php?rest_route=\/wp\/v2\/users\/1"}],"replies":[{"embeddable":true,"href":"https:\/\/www.hidro.com.tr\/index.php?rest_route=%2Fwp%2Fv2%2Fcomments&post=1527"}],"version-history":[{"count":14,"href":"https:\/\/www.hidro.com.tr\/index.php?rest_route=\/wp\/v2\/pages\/1527\/revisions"}],"predecessor-version":[{"id":2157,"href":"https:\/\/www.hidro.com.tr\/index.php?rest_route=\/wp\/v2\/pages\/1527\/revisions\/2157"}],"wp:attachment":[{"href":"https:\/\/www.hidro.com.tr\/index.php?rest_route=%2Fwp%2Fv2%2Fmedia&parent=1527"}],"curies":[{"name":"wp","href":"https:\/\/api.w.org\/{rel}","templated":true}]}}