{"id":1537,"date":"2021-10-12T21:14:32","date_gmt":"2021-10-12T21:14:32","guid":{"rendered":"https:\/\/www.hidro.com.tr\/?page_id=1537"},"modified":"2021-12-07T00:12:57","modified_gmt":"2021-12-07T00:12:57","slug":"havalandirma-sistemleri","status":"publish","type":"page","link":"https:\/\/www.hidro.com.tr\/?page_id=1537","title":{"rendered":"Havaland\u0131rma Sistemleri"},"content":{"rendered":"\t\t<div data-elementor-type=\"wp-page\" data-elementor-id=\"1537\" class=\"elementor elementor-1537\">\n\t\t\t\t\t\t<section class=\"elementor-section elementor-top-section elementor-element elementor-element-119d213 elementor-section-boxed elementor-section-height-default elementor-section-height-default\" data-id=\"119d213\" data-element_type=\"section\" data-e-type=\"section\">\n\t\t\t\t\t\t<div class=\"elementor-container elementor-column-gap-default\">\n\t\t\t\t\t<div class=\"elementor-column elementor-col-50 elementor-top-column elementor-element elementor-element-a3f9925\" data-id=\"a3f9925\" data-element_type=\"column\" data-e-type=\"column\">\n\t\t\t<div class=\"elementor-widget-wrap elementor-element-populated\">\n\t\t\t\t\t\t<div class=\"elementor-element elementor-element-c4681ae elementor-widget elementor-widget-text-editor\" data-id=\"c4681ae\" data-element_type=\"widget\" data-e-type=\"widget\" data-widget_type=\"text-editor.default\">\n\t\t\t\t<div class=\"elementor-widget-container\">\n\t\t\t\t\t\t\t\t\t<p><strong>Hidro Yap\u0131 M\u00fchendislik<\/strong>\u00a0sekt\u00f6rde kazand\u0131\u011f\u0131 bilgi birikimleri ile siz de\u011ferli m\u00fc\u015fterilerimize anahtar teslimi m\u00fchendislik hizmetleri sunmaktad\u0131r.<\/p><p>\u0130nsano\u011flunun var oldu\u011fu g\u00fcnden bu yana havaya ihtiyac\u0131 hep var olmu\u015ftur. Y\u00fczy\u0131llar boyunca teknoloji ve sanayile\u015fme ile hava kirlenmi\u015f \u015fehirle\u015fme ile birlikte ofislerde, konutlarda temiz ve sa\u011fl\u0131kl\u0131 hava ihtiyac\u0131 artm\u0131\u015ft\u0131r.<\/p><p>G\u00fcn\u00fcm\u00fczde ise ortamdaki kirlenmi\u015f havay\u0131 belirli bir h\u0131zda de\u011fi\u015ftirir ve d\u0131\u015f ortamdaki taze havay\u0131 i\u00e7teki ortama verimli, konforlu ve sessiz bir \u015fekilde aktar\u0131lmas\u0131 \u00f6nem kazanm\u0131\u015ft\u0131r.<\/p><p><strong>Hidro Yap\u0131 M\u00fchendislik<\/strong>, Ofis, Hastane, AVM, Fabrika, Sinema, Kongre salonu, Restaurant, Otel gibi insanlar\u0131n bulundu\u011fu tesis ve binalar\u0131n i\u00e7in havaland\u0131rma sistemleri \u00f6zel olarak anahtar teslimi projelendirme yapmaktad\u0131r. Uzman M\u00fchendis kadromuzun mek\u00e2na \u00f6zel olarak dizayn etti\u011fi projelendirme sonras\u0131nda \u201cKaliteli ve hesapl\u0131\u201d \u00fcr\u00fcnlerimizin profesyonel ekiplerimiz taraf\u0131ndan montaj\u0131 yap\u0131l\u0131p \u00e7al\u0131\u015f\u0131r hale getirilir.<\/p>\t\t\t\t\t\t\t\t<\/div>\n\t\t\t\t<\/div>\n\t\t\t\t\t<\/div>\n\t\t<\/div>\n\t\t\t\t<div class=\"elementor-column elementor-col-50 elementor-top-column elementor-element elementor-element-3cac9a0\" data-id=\"3cac9a0\" data-element_type=\"column\" data-e-type=\"column\">\n\t\t\t<div class=\"elementor-widget-wrap elementor-element-populated\">\n\t\t\t\t\t\t<div class=\"elementor-element elementor-element-cef3b6d elementor-widget elementor-widget-image\" data-id=\"cef3b6d\" data-element_type=\"widget\" data-e-type=\"widget\" data-widget_type=\"image.default\">\n\t\t\t\t<div class=\"elementor-widget-container\">\n\t\t\t\t\t\t\t\t\t\t\t\t\t\t\t<img fetchpriority=\"high\" decoding=\"async\" width=\"515\" height=\"384\" src=\"https:\/\/www.hidro.com.tr\/wp-content\/uploads\/2021\/12\/havalandirma.jpg\" class=\"attachment-large size-large wp-image-2179\" alt=\"\" srcset=\"https:\/\/www.hidro.com.tr\/wp-content\/uploads\/2021\/12\/havalandirma.jpg 515w, https:\/\/www.hidro.com.tr\/wp-content\/uploads\/2021\/12\/havalandirma-300x224.jpg 300w\" sizes=\"(max-width: 515px) 100vw, 515px\" \/>\t\t\t\t\t\t\t\t\t\t\t\t\t\t\t<\/div>\n\t\t\t\t<\/div>\n\t\t\t\t\t<\/div>\n\t\t<\/div>\n\t\t\t\t\t<\/div>\n\t\t<\/section>\n\t\t\t\t<section class=\"elementor-section elementor-top-section elementor-element elementor-element-302119b elementor-section-boxed elementor-section-height-default elementor-section-height-default\" data-id=\"302119b\" data-element_type=\"section\" data-e-type=\"section\">\n\t\t\t\t\t\t<div class=\"elementor-container elementor-column-gap-default\">\n\t\t\t\t\t<div class=\"elementor-column elementor-col-50 elementor-top-column elementor-element elementor-element-a9ef1b3\" data-id=\"a9ef1b3\" data-element_type=\"column\" data-e-type=\"column\">\n\t\t\t<div class=\"elementor-widget-wrap elementor-element-populated\">\n\t\t\t\t\t\t<div class=\"elementor-element elementor-element-7ebf16b elementor-widget elementor-widget-image\" data-id=\"7ebf16b\" data-element_type=\"widget\" data-e-type=\"widget\" data-widget_type=\"image.default\">\n\t\t\t\t<div class=\"elementor-widget-container\">\n\t\t\t\t\t\t\t\t\t\t\t\t\t\t\t<img decoding=\"async\" width=\"800\" height=\"916\" src=\"https:\/\/www.hidro.com.tr\/wp-content\/uploads\/2021\/12\/baca-sistemleri-894x1024.jpeg\" class=\"attachment-large size-large wp-image-2184\" alt=\"\" srcset=\"https:\/\/www.hidro.com.tr\/wp-content\/uploads\/2021\/12\/baca-sistemleri-894x1024.jpeg 894w, https:\/\/www.hidro.com.tr\/wp-content\/uploads\/2021\/12\/baca-sistemleri-262x300.jpeg 262w, https:\/\/www.hidro.com.tr\/wp-content\/uploads\/2021\/12\/baca-sistemleri-768x879.jpeg 768w, https:\/\/www.hidro.com.tr\/wp-content\/uploads\/2021\/12\/baca-sistemleri.jpeg 911w\" sizes=\"(max-width: 800px) 100vw, 800px\" \/>\t\t\t\t\t\t\t\t\t\t\t\t\t\t\t<\/div>\n\t\t\t\t<\/div>\n\t\t\t\t\t<\/div>\n\t\t<\/div>\n\t\t\t\t<div class=\"elementor-column elementor-col-50 elementor-top-column elementor-element elementor-element-53ea17f\" data-id=\"53ea17f\" data-element_type=\"column\" data-e-type=\"column\">\n\t\t\t<div class=\"elementor-widget-wrap elementor-element-populated\">\n\t\t\t\t\t\t<div class=\"elementor-element elementor-element-d367a16 elementor-widget elementor-widget-text-editor\" data-id=\"d367a16\" data-element_type=\"widget\" data-e-type=\"widget\" data-widget_type=\"text-editor.default\">\n\t\t\t\t<div class=\"elementor-widget-container\">\n\t\t\t\t\t\t\t\t\t<p>Bunun i\u00e7in konusunda uzman ve tecr\u00fcbeli kadromuz ile en son teknolojiyi sizlerin hizmetinize sunmaktay\u0131z.<\/p><p><strong>Havaland\u0131rma Sistemleri:<\/strong><\/p><ul><li>Taze Hava Uygulamalar\u0131<\/li><li>Egzost Uygulamalar\u0131<\/li><li>Jet-fan Egzost Sistemi<\/li><li>\u015eartland\u0131r\u0131lm\u0131\u015f Hava Uygulamalar\u0131<\/li><li>Hava Filtreleme<\/li><li>Kanal S\u0131zd\u0131rmazl\u0131k Testi<\/li><li>Is\u0131 Geri Kazan\u0131m<\/li><li>Hava H\u0131z\u0131 ve Debi \u00d6l\u00e7\u00fcmleri<\/li><li>Roof-top \u00dcniteleri<\/li><\/ul><ul><li>Otopark Havaland\u0131rma sistemleri<\/li><li>Jet Fan Sistemleri<\/li><li>Montaj, test ve devreye alma<\/li><\/ul><p>Konular\u0131nda hizmet vermekteyiz.<\/p><p>Bunun i\u00e7in konusunda uzman ve tecr\u00fcbeli kadromuz ile en son teknolojiyi sizlerin hizmetinize sunmaktay\u0131z.<\/p><p>Sizde\u00a0<strong>Hidro Yap\u0131 M\u00fchendislik<\/strong>\u2019 den M\u00fchendislik hizmetimizi almak istiyorsan\u0131z bizimle ileti\u015fime ge\u00e7meniz yeterli.<\/p>\t\t\t\t\t\t\t\t<\/div>\n\t\t\t\t<\/div>\n\t\t\t\t\t<\/div>\n\t\t<\/div>\n\t\t\t\t\t<\/div>\n\t\t<\/section>\n\t\t\t\t<\/div>\n\t\t","protected":false},"excerpt":{"rendered":"<p>Hidro Yap\u0131 M\u00fchendislik\u00a0sekt\u00f6rde kazand\u0131\u011f\u0131 bilgi birikimleri ile siz de\u011ferli m\u00fc\u015fterilerimize anahtar teslimi m\u00fchendislik hizmetleri sunmaktad\u0131r. \u0130nsano\u011flunun var oldu\u011fu g\u00fcnden bu yana havaya ihtiyac\u0131 hep var olmu\u015ftur. Y\u00fczy\u0131llar boyunca teknoloji ve &#8230;<\/p>\n","protected":false},"author":1,"featured_media":0,"parent":0,"menu_order":0,"comment_status":"closed","ping_status":"closed","template":"template-fullwidth.php","meta":{"footnotes":""},"class_list":["post-1537","page","type-page","status-publish","hentry"],"_links":{"self":[{"href":"https:\/\/www.hidro.com.tr\/index.php?rest_route=\/wp\/v2\/pages\/1537","targetHints":{"allow":["GET"]}}],"collection":[{"href":"https:\/\/www.hidro.com.tr\/index.php?rest_route=\/wp\/v2\/pages"}],"about":[{"href":"https:\/\/www.hidro.com.tr\/index.php?rest_route=\/wp\/v2\/types\/page"}],"author":[{"embeddable":true,"href":"https:\/\/www.hidro.com.tr\/index.php?rest_route=\/wp\/v2\/users\/1"}],"replies":[{"embeddable":true,"href":"https:\/\/www.hidro.com.tr\/index.php?rest_route=%2Fwp%2Fv2%2Fcomments&post=1537"}],"version-history":[{"count":17,"href":"https:\/\/www.hidro.com.tr\/index.php?rest_route=\/wp\/v2\/pages\/1537\/revisions"}],"predecessor-version":[{"id":2212,"href":"https:\/\/www.hidro.com.tr\/index.php?rest_route=\/wp\/v2\/pages\/1537\/revisions\/2212"}],"wp:attachment":[{"href":"https:\/\/www.hidro.com.tr\/index.php?rest_route=%2Fwp%2Fv2%2Fmedia&parent=1537"}],"curies":[{"name":"wp","href":"https:\/\/api.w.org\/{rel}","templated":true}]}}