{"id":1556,"date":"2021-10-12T21:18:14","date_gmt":"2021-10-12T21:18:14","guid":{"rendered":"https:\/\/www.hidro.com.tr\/?page_id=1556"},"modified":"2021-12-04T21:53:08","modified_gmt":"2021-12-04T21:53:08","slug":"baca-sistemleri","status":"publish","type":"page","link":"https:\/\/www.hidro.com.tr\/?page_id=1556","title":{"rendered":"Baca Sistemleri"},"content":{"rendered":"\t\t<div data-elementor-type=\"wp-page\" data-elementor-id=\"1556\" class=\"elementor elementor-1556\">\n\t\t\t\t\t\t<section class=\"elementor-section elementor-top-section elementor-element elementor-element-92bcd13 elementor-section-boxed elementor-section-height-default elementor-section-height-default\" data-id=\"92bcd13\" data-element_type=\"section\" data-e-type=\"section\">\n\t\t\t\t\t\t<div class=\"elementor-container elementor-column-gap-default\">\n\t\t\t\t\t<div class=\"elementor-column elementor-col-50 elementor-top-column elementor-element elementor-element-70b2b51\" data-id=\"70b2b51\" data-element_type=\"column\" data-e-type=\"column\">\n\t\t\t<div class=\"elementor-widget-wrap elementor-element-populated\">\n\t\t\t\t\t\t<div class=\"elementor-element elementor-element-7c77187 elementor-widget elementor-widget-text-editor\" data-id=\"7c77187\" data-element_type=\"widget\" data-e-type=\"widget\" data-widget_type=\"text-editor.default\">\n\t\t\t\t<div class=\"elementor-widget-container\">\n\t\t\t\t\t\t\t\t\t<p><strong>Hidro Yap\u0131 M\u00fchendislik<\/strong>\u00a0sekt\u00f6rde kazand\u0131\u011f\u0131 bilgi birikimleri ile siz de\u011ferli m\u00fc\u015fterilerimize anahtar teslimi m\u00fchendislik hizmetleri sunmaktad\u0131r.<\/p><p>Farkl\u0131 ortamlarda ortaya \u00e7\u0131kan at\u0131k gazlar\u0131n d\u0131\u015far\u0131 at\u0131lmas\u0131 i\u015flemleri \u00e7e\u015fitli baca sistemleri ile sa\u011flanmaktad\u0131r.<\/p><p>Konusunda uzman m\u00fchendislerimiz taraf\u0131ndan paslanmaz sa\u00e7 baca imalatlar\u0131nda t\u00fcm hesaplamalar yap\u0131larak en y\u00fcksek performans\u0131n elde edilmesi sa\u011flan\u0131r. Do\u011fru boru tipi ve baca b\u00fcy\u00fckl\u00fc\u011f\u00fc kazan i\u015fleyi\u015fi ve verimlili\u011fi \u00f6nemli belirleyicisidir. Baca sistemleri genel olarak tek cidarl\u0131 baca sistemleri \u00e7ift cidarl\u0131 baca sistemleri ve end\u00fcstriyel tip baca sistemleri olarak gruplara ay\u0131rabiliriz.<\/p><p>Bunun i\u00e7in konusunda uzman ve tecr\u00fcbeli kadromuz ile en son teknolojiyi sizlerin hizmetinize sunmaktay\u0131z.<\/p><p><strong>Baca Sistemleri:<\/strong><\/p><ul><li>Tek cidarl\u0131 baca sistemleri<\/li><li>\u00c7ift cidarl\u0131 baca sistemleri<\/li><li>End\u00fcstriyel tip baca sistemleri<\/li><li>\u00c7elik baca sistemleri<\/li><li>Flex baca sistemleri<\/li><li>Seramik baca sistemleri<\/li><li>Baca hesaplar\u0131<\/li><li>Baca testi<\/li><li>Montaj, test ve devreye alma<\/li><\/ul><p>Konular\u0131nda hizmet vermekteyiz.<\/p><p>Sizde\u00a0<strong>Hidro Yap\u0131 M\u00fchendislik<\/strong>\u2019 den M\u00fchendislik hizmetimizi almak istiyorsan\u0131z bizimle ileti\u015fime ge\u00e7meniz yeterli.<\/p>\t\t\t\t\t\t\t\t<\/div>\n\t\t\t\t<\/div>\n\t\t\t\t\t<\/div>\n\t\t<\/div>\n\t\t\t\t<div class=\"elementor-column elementor-col-50 elementor-top-column elementor-element elementor-element-649697c\" data-id=\"649697c\" data-element_type=\"column\" data-e-type=\"column\">\n\t\t\t<div class=\"elementor-widget-wrap elementor-element-populated\">\n\t\t\t\t\t\t<div class=\"elementor-element elementor-element-2e65237 elementor-widget elementor-widget-image\" data-id=\"2e65237\" data-element_type=\"widget\" data-e-type=\"widget\" data-widget_type=\"image.default\">\n\t\t\t\t<div class=\"elementor-widget-container\">\n\t\t\t\t\t\t\t\t\t\t\t\t\t\t\t<img fetchpriority=\"high\" decoding=\"async\" width=\"800\" height=\"916\" src=\"https:\/\/www.hidro.com.tr\/wp-content\/uploads\/2021\/12\/baca-sistemleri-894x1024.jpeg\" class=\"attachment-large size-large wp-image-2184\" alt=\"\" srcset=\"https:\/\/www.hidro.com.tr\/wp-content\/uploads\/2021\/12\/baca-sistemleri-894x1024.jpeg 894w, https:\/\/www.hidro.com.tr\/wp-content\/uploads\/2021\/12\/baca-sistemleri-262x300.jpeg 262w, https:\/\/www.hidro.com.tr\/wp-content\/uploads\/2021\/12\/baca-sistemleri-768x879.jpeg 768w, https:\/\/www.hidro.com.tr\/wp-content\/uploads\/2021\/12\/baca-sistemleri.jpeg 911w\" sizes=\"(max-width: 800px) 100vw, 800px\" \/>\t\t\t\t\t\t\t\t\t\t\t\t\t\t\t<\/div>\n\t\t\t\t<\/div>\n\t\t\t\t\t<\/div>\n\t\t<\/div>\n\t\t\t\t\t<\/div>\n\t\t<\/section>\n\t\t\t\t<\/div>\n\t\t","protected":false},"excerpt":{"rendered":"<p>Hidro Yap\u0131 M\u00fchendislik\u00a0sekt\u00f6rde kazand\u0131\u011f\u0131 bilgi birikimleri ile siz de\u011ferli m\u00fc\u015fterilerimize anahtar teslimi m\u00fchendislik hizmetleri sunmaktad\u0131r. Farkl\u0131 ortamlarda ortaya \u00e7\u0131kan at\u0131k gazlar\u0131n d\u0131\u015far\u0131 at\u0131lmas\u0131 i\u015flemleri \u00e7e\u015fitli baca sistemleri ile sa\u011flanmaktad\u0131r. Konusunda &#8230;<\/p>\n","protected":false},"author":1,"featured_media":0,"parent":0,"menu_order":0,"comment_status":"closed","ping_status":"closed","template":"template-fullwidth.php","meta":{"footnotes":""},"class_list":["post-1556","page","type-page","status-publish","hentry"],"_links":{"self":[{"href":"https:\/\/www.hidro.com.tr\/index.php?rest_route=\/wp\/v2\/pages\/1556","targetHints":{"allow":["GET"]}}],"collection":[{"href":"https:\/\/www.hidro.com.tr\/index.php?rest_route=\/wp\/v2\/pages"}],"about":[{"href":"https:\/\/www.hidro.com.tr\/index.php?rest_route=\/wp\/v2\/types\/page"}],"author":[{"embeddable":true,"href":"https:\/\/www.hidro.com.tr\/index.php?rest_route=\/wp\/v2\/users\/1"}],"replies":[{"embeddable":true,"href":"https:\/\/www.hidro.com.tr\/index.php?rest_route=%2Fwp%2Fv2%2Fcomments&post=1556"}],"version-history":[{"count":10,"href":"https:\/\/www.hidro.com.tr\/index.php?rest_route=\/wp\/v2\/pages\/1556\/revisions"}],"predecessor-version":[{"id":2191,"href":"https:\/\/www.hidro.com.tr\/index.php?rest_route=\/wp\/v2\/pages\/1556\/revisions\/2191"}],"wp:attachment":[{"href":"https:\/\/www.hidro.com.tr\/index.php?rest_route=%2Fwp%2Fv2%2Fmedia&parent=1556"}],"curies":[{"name":"wp","href":"https:\/\/api.w.org\/{rel}","templated":true}]}}