{"id":1574,"date":"2021-10-12T21:39:24","date_gmt":"2021-10-12T21:39:24","guid":{"rendered":"https:\/\/www.hidro.com.tr\/?page_id=1574"},"modified":"2021-11-04T23:44:49","modified_gmt":"2021-11-04T23:44:49","slug":"test-ve-devreye-alma","status":"publish","type":"page","link":"https:\/\/www.hidro.com.tr\/?page_id=1574","title":{"rendered":"Test ve Devreye Alma"},"content":{"rendered":"\t\t<div data-elementor-type=\"wp-page\" data-elementor-id=\"1574\" class=\"elementor elementor-1574\">\n\t\t\t\t\t\t<section class=\"elementor-section elementor-top-section elementor-element elementor-element-af75bbd elementor-section-boxed elementor-section-height-default elementor-section-height-default\" data-id=\"af75bbd\" data-element_type=\"section\" data-e-type=\"section\">\n\t\t\t\t\t\t<div class=\"elementor-container elementor-column-gap-default\">\n\t\t\t\t\t<div class=\"elementor-column elementor-col-50 elementor-top-column elementor-element elementor-element-0009709\" data-id=\"0009709\" data-element_type=\"column\" data-e-type=\"column\">\n\t\t\t<div class=\"elementor-widget-wrap elementor-element-populated\">\n\t\t\t\t\t\t<div class=\"elementor-element elementor-element-369093e elementor-widget elementor-widget-text-editor\" data-id=\"369093e\" data-element_type=\"widget\" data-e-type=\"widget\" data-widget_type=\"text-editor.default\">\n\t\t\t\t<div class=\"elementor-widget-container\">\n\t\t\t\t\t\t\t\t\t<p><strong>Hidro Yap\u0131 M\u00fchendislik<\/strong>\u00a0sekt\u00f6rde kazand\u0131\u011f\u0131 bilgi birikimleri ile siz de\u011ferli m\u00fc\u015fterilerimize anahtar teslimi m\u00fchendislik hizmetleri sunmaktad\u0131r.<\/p><p>Montajlar\u0131 tamamlanm\u0131\u015f t\u00fcm ekipmanlar\u0131n devreye alma \u00f6ncesi saha testleri, uzman m\u00fchendis ve teknik ekibimiz taraf\u0131ndan yap\u0131lmaktad\u0131r. Projenin sahaya uygunlu\u011fu gerekli t\u00fcm test ve kontroller ile tamamlanarak devreye alma i\u015flemleri tamamlan\u0131r ve sistem \u00e7al\u0131\u015f\u0131r duruma getirilir.<\/p><p><strong>Test ve Devreye Alma:<\/strong><\/p><ul><li>S\u0131cakl\u0131k Testi<\/li><li>Nem Miktar\u0131 Testi<\/li><li>Debi Testi<\/li><li>Bas\u0131n\u00e7 Testi<\/li><li>S\u0131zd\u0131rmazl\u0131k Testi<\/li><\/ul><p>Konular\u0131nda hizmet vermekteyiz.<\/p><p>Sizde\u00a0<strong>Hidro Yap\u0131 M\u00fchendislik<\/strong>\u2019 den M\u00fchendislik hizmetimizi almak istiyorsan\u0131z bizimle ileti\u015fime ge\u00e7meniz yeterli.<\/p>\t\t\t\t\t\t\t\t<\/div>\n\t\t\t\t<\/div>\n\t\t\t\t\t<\/div>\n\t\t<\/div>\n\t\t\t\t<div class=\"elementor-column elementor-col-50 elementor-top-column elementor-element elementor-element-666d3bc\" data-id=\"666d3bc\" data-element_type=\"column\" data-e-type=\"column\">\n\t\t\t<div class=\"elementor-widget-wrap elementor-element-populated\">\n\t\t\t\t\t\t<div class=\"elementor-element elementor-element-3786a4a elementor-widget elementor-widget-image\" data-id=\"3786a4a\" data-element_type=\"widget\" data-e-type=\"widget\" data-widget_type=\"image.default\">\n\t\t\t\t<div class=\"elementor-widget-container\">\n\t\t\t\t\t\t\t\t\t\t\t\t\t\t\t<img fetchpriority=\"high\" decoding=\"async\" width=\"512\" height=\"512\" src=\"https:\/\/www.hidro.com.tr\/wp-content\/uploads\/2021\/11\/test2.png\" class=\"attachment-large size-large wp-image-2159\" alt=\"\" srcset=\"https:\/\/www.hidro.com.tr\/wp-content\/uploads\/2021\/11\/test2.png 512w, https:\/\/www.hidro.com.tr\/wp-content\/uploads\/2021\/11\/test2-300x300.png 300w, https:\/\/www.hidro.com.tr\/wp-content\/uploads\/2021\/11\/test2-150x150.png 150w, https:\/\/www.hidro.com.tr\/wp-content\/uploads\/2021\/11\/test2-400x400.png 400w\" sizes=\"(max-width: 512px) 100vw, 512px\" \/>\t\t\t\t\t\t\t\t\t\t\t\t\t\t\t<\/div>\n\t\t\t\t<\/div>\n\t\t\t\t\t<\/div>\n\t\t<\/div>\n\t\t\t\t\t<\/div>\n\t\t<\/section>\n\t\t\t\t<\/div>\n\t\t","protected":false},"excerpt":{"rendered":"<p>Hidro Yap\u0131 M\u00fchendislik\u00a0sekt\u00f6rde kazand\u0131\u011f\u0131 bilgi birikimleri ile siz de\u011ferli m\u00fc\u015fterilerimize anahtar teslimi m\u00fchendislik hizmetleri sunmaktad\u0131r. Montajlar\u0131 tamamlanm\u0131\u015f t\u00fcm ekipmanlar\u0131n devreye alma \u00f6ncesi saha testleri, uzman m\u00fchendis ve teknik ekibimiz taraf\u0131ndan &#8230;<\/p>\n","protected":false},"author":1,"featured_media":0,"parent":0,"menu_order":0,"comment_status":"closed","ping_status":"closed","template":"template-fullwidth.php","meta":{"footnotes":""},"class_list":["post-1574","page","type-page","status-publish","hentry"],"_links":{"self":[{"href":"https:\/\/www.hidro.com.tr\/index.php?rest_route=\/wp\/v2\/pages\/1574","targetHints":{"allow":["GET"]}}],"collection":[{"href":"https:\/\/www.hidro.com.tr\/index.php?rest_route=\/wp\/v2\/pages"}],"about":[{"href":"https:\/\/www.hidro.com.tr\/index.php?rest_route=\/wp\/v2\/types\/page"}],"author":[{"embeddable":true,"href":"https:\/\/www.hidro.com.tr\/index.php?rest_route=\/wp\/v2\/users\/1"}],"replies":[{"embeddable":true,"href":"https:\/\/www.hidro.com.tr\/index.php?rest_route=%2Fwp%2Fv2%2Fcomments&post=1574"}],"version-history":[{"count":7,"href":"https:\/\/www.hidro.com.tr\/index.php?rest_route=\/wp\/v2\/pages\/1574\/revisions"}],"predecessor-version":[{"id":2163,"href":"https:\/\/www.hidro.com.tr\/index.php?rest_route=\/wp\/v2\/pages\/1574\/revisions\/2163"}],"wp:attachment":[{"href":"https:\/\/www.hidro.com.tr\/index.php?rest_route=%2Fwp%2Fv2%2Fmedia&parent=1574"}],"curies":[{"name":"wp","href":"https:\/\/api.w.org\/{rel}","templated":true}]}}