{"id":2254,"date":"2022-11-27T23:23:16","date_gmt":"2022-11-27T23:23:16","guid":{"rendered":"https:\/\/www.hidro.com.tr\/?page_id=2254"},"modified":"2022-12-26T22:24:35","modified_gmt":"2022-12-26T22:24:35","slug":"kitaplik","status":"publish","type":"page","link":"https:\/\/www.hidro.com.tr\/?page_id=2254","title":{"rendered":"Kitapl\u0131k"},"content":{"rendered":"<ul>\n<li><a href=\"https:\/\/www.hidro.com.tr\/kitaplik\/gunes_enerjisi_termal_planlama.pdf\" target=\"_blank\" rel=\"noopener\">G\u00fcne\u015f Enerjisi Termal Planlama<\/a><\/li>\n<li><a href=\"https:\/\/www.hidro.com.tr\/kitaplik\/gunes_enerjisi_teknolojileri.ppt\" target=\"_blank\" rel=\"noopener\">G\u00fcne\u015f Enerjisi Teknolojileri<\/a><\/li>\n<\/ul>\n","protected":false},"excerpt":{"rendered":"<p>G\u00fcne\u015f Enerjisi Termal Planlama G\u00fcne\u015f Enerjisi Teknolojileri<\/p>\n","protected":false},"author":1,"featured_media":0,"parent":0,"menu_order":0,"comment_status":"closed","ping_status":"closed","template":"template-fullwidth.php","meta":{"footnotes":""},"class_list":["post-2254","page","type-page","status-publish","hentry"],"_links":{"self":[{"href":"https:\/\/www.hidro.com.tr\/index.php?rest_route=\/wp\/v2\/pages\/2254","targetHints":{"allow":["GET"]}}],"collection":[{"href":"https:\/\/www.hidro.com.tr\/index.php?rest_route=\/wp\/v2\/pages"}],"about":[{"href":"https:\/\/www.hidro.com.tr\/index.php?rest_route=\/wp\/v2\/types\/page"}],"author":[{"embeddable":true,"href":"https:\/\/www.hidro.com.tr\/index.php?rest_route=\/wp\/v2\/users\/1"}],"replies":[{"embeddable":true,"href":"https:\/\/www.hidro.com.tr\/index.php?rest_route=%2Fwp%2Fv2%2Fcomments&post=2254"}],"version-history":[{"count":6,"href":"https:\/\/www.hidro.com.tr\/index.php?rest_route=\/wp\/v2\/pages\/2254\/revisions"}],"predecessor-version":[{"id":2264,"href":"https:\/\/www.hidro.com.tr\/index.php?rest_route=\/wp\/v2\/pages\/2254\/revisions\/2264"}],"wp:attachment":[{"href":"https:\/\/www.hidro.com.tr\/index.php?rest_route=%2Fwp%2Fv2%2Fmedia&parent=2254"}],"curies":[{"name":"wp","href":"https:\/\/api.w.org\/{rel}","templated":true}]}}